{"id":1625,"date":"2020-12-17T10:00:17","date_gmt":"2020-12-17T09:00:17","guid":{"rendered":"https:\/\/martizay.fr\/?page_id=1625"},"modified":"2025-10-08T14:28:16","modified_gmt":"2025-10-08T12:28:16","slug":"producteurs-fermier","status":"publish","type":"page","link":"https:\/\/martizay.fr\/index.php\/producteurs-fermier\/","title":{"rendered":"Les producteurs fermiers"},"content":{"rendered":"\t\t<div data-elementor-type=\"wp-page\" data-elementor-id=\"1625\" class=\"elementor elementor-1625\" data-elementor-settings=\"[]\">\n\t\t\t\t\t\t<div class=\"elementor-inner\">\n\t\t\t\t\t\t\t<div class=\"elementor-section-wrap\">\n\t\t\t\t\t\t\t<section class=\"elementor-section elementor-top-section elementor-element elementor-element-01c6f54 elementor-section-boxed elementor-section-height-default elementor-section-height-default\" data-id=\"01c6f54\" data-element_type=\"section\">\n\t\t\t\t\t\t<div class=\"elementor-container elementor-column-gap-default\">\n\t\t\t\t\t\t\t<div class=\"elementor-row\">\n\t\t\t\t\t<div class=\"elementor-column elementor-col-100 elementor-top-column elementor-element elementor-element-dbe51de\" data-id=\"dbe51de\" data-element_type=\"column\">\n\t\t\t<div class=\"elementor-column-wrap elementor-element-populated\">\n\t\t\t\t\t\t\t<div class=\"elementor-widget-wrap\">\n\t\t\t\t\t\t<div class=\"elementor-element elementor-element-52acc51 elementor-widget elementor-widget-heading\" data-id=\"52acc51\" data-element_type=\"widget\" data-widget_type=\"heading.default\">\n\t\t\t\t<div class=\"elementor-widget-container\">\n\t\t\t<h2 class=\"elementor-heading-title elementor-size-default\">La ferme du Maupas<\/h2>\t\t<\/div>\n\t\t\t\t<\/div>\n\t\t\t\t<div class=\"elementor-element elementor-element-f53690f elementor-widget elementor-widget-text-editor\" data-id=\"f53690f\" data-element_type=\"widget\" data-widget_type=\"text-editor.default\">\n\t\t\t\t<div class=\"elementor-widget-container\">\n\t\t\t\t\t\t\t\t<div class=\"elementor-text-editor elementor-clearfix\">\n\t\t\t\t\t<p>\u00ab la vache Brennouse \u00bb Vincent Meurgue<\/p><p>Vente de lait de vache, yaourts, camembert, cr\u00e8me fra\u00eeche directement \u00e0 la ferme .<\/p>\t\t\t\t\t<\/div>\n\t\t\t\t\t\t<\/div>\n\t\t\t\t<\/div>\n\t\t\t\t<section class=\"elementor-section elementor-inner-section elementor-element elementor-element-82cdde4 elementor-section-boxed elementor-section-height-default elementor-section-height-default\" data-id=\"82cdde4\" data-element_type=\"section\" data-settings=\"{&quot;background_background&quot;:&quot;classic&quot;}\">\n\t\t\t\t\t\t<div class=\"elementor-container elementor-column-gap-default\">\n\t\t\t\t\t\t\t<div class=\"elementor-row\">\n\t\t\t\t\t<div class=\"elementor-column elementor-col-33 elementor-inner-column elementor-element elementor-element-b84488c\" data-id=\"b84488c\" data-element_type=\"column\">\n\t\t\t<div class=\"elementor-column-wrap elementor-element-populated\">\n\t\t\t\t\t\t\t<div class=\"elementor-widget-wrap\">\n\t\t\t\t\t\t<div class=\"elementor-element elementor-element-33230a1 elementor-widget elementor-widget-image\" data-id=\"33230a1\" data-element_type=\"widget\" data-widget_type=\"image.default\">\n\t\t\t\t<div class=\"elementor-widget-container\">\n\t\t\t\t\t\t\t\t<div class=\"elementor-image\">\n\t\t\t\t\t\t\t\t\t\t\t\t<img width=\"750\" height=\"463\" src=\"https:\/\/martizay.fr\/wp-content\/uploads\/2022\/04\/fermedumaupas-2.jpg\" class=\"attachment-large size-large\" alt=\"\" loading=\"lazy\" srcset=\"https:\/\/martizay.fr\/wp-content\/uploads\/2022\/04\/fermedumaupas-2.jpg 750w, https:\/\/martizay.fr\/wp-content\/uploads\/2022\/04\/fermedumaupas-2-300x185.jpg 300w\" sizes=\"(max-width: 750px) 100vw, 750px\" \/>\t\t\t\t\t\t\t\t\t\t\t\t\t\t<\/div>\n\t\t\t\t\t\t<\/div>\n\t\t\t\t<\/div>\n\t\t\t\t\t\t<\/div>\n\t\t\t\t\t<\/div>\n\t\t<\/div>\n\t\t\t\t<div class=\"elementor-column elementor-col-33 elementor-inner-column elementor-element elementor-element-bcb6419\" data-id=\"bcb6419\" data-element_type=\"column\">\n\t\t\t<div class=\"elementor-column-wrap elementor-element-populated\">\n\t\t\t\t\t\t\t<div class=\"elementor-widget-wrap\">\n\t\t\t\t\t\t<div class=\"elementor-element elementor-element-ce1a17e elementor-widget elementor-widget-text-editor\" data-id=\"ce1a17e\" data-element_type=\"widget\" data-widget_type=\"text-editor.default\">\n\t\t\t\t<div class=\"elementor-widget-container\">\n\t\t\t\t\t\t\t\t<div class=\"elementor-text-editor elementor-clearfix\">\n\t\t\t\t\t<h3>Adresse<\/h3><p>Le Maupas<br \/>36220 MARTIZAY<\/p><p>T\u00e9l : 06.48.70.67.19<br \/><a href=\"mailto:fermedumaupas@gmail.com\">vmeurguemaupas@gmail.com<\/a><\/p>\t\t\t\t\t<\/div>\n\t\t\t\t\t\t<\/div>\n\t\t\t\t<\/div>\n\t\t\t\t\t\t<\/div>\n\t\t\t\t\t<\/div>\n\t\t<\/div>\n\t\t\t\t<div class=\"elementor-column elementor-col-33 elementor-inner-column elementor-element elementor-element-13b18ac\" data-id=\"13b18ac\" data-element_type=\"column\">\n\t\t\t<div class=\"elementor-column-wrap elementor-element-populated\">\n\t\t\t\t\t\t\t<div class=\"elementor-widget-wrap\">\n\t\t\t\t\t\t<div class=\"elementor-element elementor-element-8a354ca elementor-widget elementor-widget-text-editor\" data-id=\"8a354ca\" data-element_type=\"widget\" data-widget_type=\"text-editor.default\">\n\t\t\t\t<div class=\"elementor-widget-container\">\n\t\t\t\t\t\t\t\t<div class=\"elementor-text-editor elementor-clearfix\">\n\t\t\t\t\t<h3>Horaires d\u2019ouverture<\/h3><p>Lundi et Vendredi 18h \u00e0 19h<br \/>Mercredi 14h \u00e0 19h<br \/>Samedi 9h \u00e0 12h<\/p><h3>March\u00e9s :\u00a0<\/h3><p>Mercredi\u00a0 : Le Blanc\u00a0<br \/>Jeudi : M\u00e9zi\u00e8res en Brenne<br \/>Samedi : Chauvigny<\/p><h3>Pr\u00e9sence d&rsquo;une mini ferme\u00a0\u00a0<\/h3><p>\u00a0<\/p>\t\t\t\t\t<\/div>\n\t\t\t\t\t\t<\/div>\n\t\t\t\t<\/div>\n\t\t\t\t\t\t<\/div>\n\t\t\t\t\t<\/div>\n\t\t<\/div>\n\t\t\t\t\t\t\t\t<\/div>\n\t\t\t\t\t<\/div>\n\t\t<\/section>\n\t\t\t\t<div class=\"elementor-element elementor-element-eac5dae elementor-widget-divider--view-line elementor-widget elementor-widget-divider\" data-id=\"eac5dae\" data-element_type=\"widget\" data-widget_type=\"divider.default\">\n\t\t\t\t<div class=\"elementor-widget-container\">\n\t\t\t\t\t<div class=\"elementor-divider\">\n\t\t\t<span class=\"elementor-divider-separator\">\n\t\t\t\t\t\t<\/span>\n\t\t<\/div>\n\t\t\t\t<\/div>\n\t\t\t\t<\/div>\n\t\t\t\t\t\t<\/div>\n\t\t\t\t\t<\/div>\n\t\t<\/div>\n\t\t\t\t\t\t\t\t<\/div>\n\t\t\t\t\t<\/div>\n\t\t<\/section>\n\t\t\t\t<section class=\"elementor-section elementor-top-section elementor-element elementor-element-9d88dc9 elementor-section-boxed elementor-section-height-default elementor-section-height-default\" data-id=\"9d88dc9\" data-element_type=\"section\">\n\t\t\t\t\t\t<div class=\"elementor-container elementor-column-gap-default\">\n\t\t\t\t\t\t\t<div class=\"elementor-row\">\n\t\t\t\t\t<div class=\"elementor-column elementor-col-100 elementor-top-column elementor-element elementor-element-d14236e\" data-id=\"d14236e\" data-element_type=\"column\">\n\t\t\t<div class=\"elementor-column-wrap elementor-element-populated\">\n\t\t\t\t\t\t\t<div class=\"elementor-widget-wrap\">\n\t\t\t\t\t\t<div class=\"elementor-element elementor-element-355154f elementor-widget elementor-widget-heading\" data-id=\"355154f\" data-element_type=\"widget\" data-widget_type=\"heading.default\">\n\t\t\t\t<div class=\"elementor-widget-container\">\n\t\t\t<h2 class=\"elementor-heading-title elementor-size-default\">La ferme de Bray<\/h2>\t\t<\/div>\n\t\t\t\t<\/div>\n\t\t\t\t<section class=\"elementor-section elementor-inner-section elementor-element elementor-element-13beade elementor-section-boxed elementor-section-height-default elementor-section-height-default\" data-id=\"13beade\" data-element_type=\"section\" data-settings=\"{&quot;background_background&quot;:&quot;classic&quot;}\">\n\t\t\t\t\t\t<div class=\"elementor-container elementor-column-gap-default\">\n\t\t\t\t\t\t\t<div class=\"elementor-row\">\n\t\t\t\t\t<div class=\"elementor-column elementor-col-50 elementor-inner-column elementor-element elementor-element-b023812\" data-id=\"b023812\" data-element_type=\"column\">\n\t\t\t<div class=\"elementor-column-wrap elementor-element-populated\">\n\t\t\t\t\t\t\t<div class=\"elementor-widget-wrap\">\n\t\t\t\t\t\t<div class=\"elementor-element elementor-element-756dd3a elementor-widget elementor-widget-text-editor\" data-id=\"756dd3a\" data-element_type=\"widget\" data-widget_type=\"text-editor.default\">\n\t\t\t\t<div class=\"elementor-widget-container\">\n\t\t\t\t\t\t\t\t<div class=\"elementor-text-editor elementor-clearfix\">\n\t\t\t\t\t<h3>Adresse<\/h3><p>Bray<br \/>36 220 MARTIZAY<\/p><p>T\u00e9l : 09 82 57 04 69<br \/>Portable : 06 64 83 72 09<br \/><a href=\"mailto:fermedebray@hotmail.fr\">fermedebray@hotmail.fr<\/a><\/p>\t\t\t\t\t<\/div>\n\t\t\t\t\t\t<\/div>\n\t\t\t\t<\/div>\n\t\t\t\t\t\t<\/div>\n\t\t\t\t\t<\/div>\n\t\t<\/div>\n\t\t\t\t<div class=\"elementor-column elementor-col-50 elementor-inner-column elementor-element elementor-element-426c410\" data-id=\"426c410\" data-element_type=\"column\">\n\t\t\t<div class=\"elementor-column-wrap elementor-element-populated\">\n\t\t\t\t\t\t\t<div class=\"elementor-widget-wrap\">\n\t\t\t\t\t\t<div class=\"elementor-element elementor-element-25c10e7 elementor-widget elementor-widget-image\" data-id=\"25c10e7\" data-element_type=\"widget\" data-widget_type=\"image.default\">\n\t\t\t\t<div class=\"elementor-widget-container\">\n\t\t\t\t\t\t\t\t<div class=\"elementor-image\">\n\t\t\t\t\t\t\t\t\t\t\t\t<img width=\"800\" height=\"449\" src=\"https:\/\/martizay.fr\/wp-content\/uploads\/2022\/04\/5d7544a12cb760d42c8b4588.jpg\" class=\"attachment-large size-large\" alt=\"\" loading=\"lazy\" srcset=\"https:\/\/martizay.fr\/wp-content\/uploads\/2022\/04\/5d7544a12cb760d42c8b4588.jpg 1020w, https:\/\/martizay.fr\/wp-content\/uploads\/2022\/04\/5d7544a12cb760d42c8b4588-300x169.jpg 300w, https:\/\/martizay.fr\/wp-content\/uploads\/2022\/04\/5d7544a12cb760d42c8b4588-768x431.jpg 768w\" sizes=\"(max-width: 800px) 100vw, 800px\" \/>\t\t\t\t\t\t\t\t\t\t\t\t\t\t<\/div>\n\t\t\t\t\t\t<\/div>\n\t\t\t\t<\/div>\n\t\t\t\t\t\t<\/div>\n\t\t\t\t\t<\/div>\n\t\t<\/div>\n\t\t\t\t\t\t\t\t<\/div>\n\t\t\t\t\t<\/div>\n\t\t<\/section>\n\t\t\t\t<div class=\"elementor-element elementor-element-1dab525 elementor-widget-divider--view-line elementor-widget elementor-widget-divider\" data-id=\"1dab525\" data-element_type=\"widget\" data-widget_type=\"divider.default\">\n\t\t\t\t<div class=\"elementor-widget-container\">\n\t\t\t\t\t<div class=\"elementor-divider\">\n\t\t\t<span class=\"elementor-divider-separator\">\n\t\t\t\t\t\t<\/span>\n\t\t<\/div>\n\t\t\t\t<\/div>\n\t\t\t\t<\/div>\n\t\t\t\t\t\t<\/div>\n\t\t\t\t\t<\/div>\n\t\t<\/div>\n\t\t\t\t\t\t\t\t<\/div>\n\t\t\t\t\t<\/div>\n\t\t<\/section>\n\t\t\t\t<section class=\"elementor-section elementor-top-section elementor-element elementor-element-3fb85fa elementor-section-boxed elementor-section-height-default elementor-section-height-default\" data-id=\"3fb85fa\" data-element_type=\"section\">\n\t\t\t\t\t\t<div class=\"elementor-container elementor-column-gap-default\">\n\t\t\t\t\t\t\t<div class=\"elementor-row\">\n\t\t\t\t\t<div class=\"elementor-column elementor-col-100 elementor-top-column elementor-element elementor-element-40317b1\" data-id=\"40317b1\" data-element_type=\"column\">\n\t\t\t<div class=\"elementor-column-wrap elementor-element-populated\">\n\t\t\t\t\t\t\t<div class=\"elementor-widget-wrap\">\n\t\t\t\t\t\t<div class=\"elementor-element elementor-element-b7b1d79 elementor-widget elementor-widget-heading\" data-id=\"b7b1d79\" data-element_type=\"widget\" data-widget_type=\"heading.default\">\n\t\t\t\t<div class=\"elementor-widget-container\">\n\t\t\t<h2 class=\"elementor-heading-title elementor-size-default\">Antyme SAUVESTRE<\/h2>\t\t<\/div>\n\t\t\t\t<\/div>\n\t\t\t\t<div class=\"elementor-element elementor-element-0728e9e elementor-widget elementor-widget-text-editor\" data-id=\"0728e9e\" data-element_type=\"widget\" data-widget_type=\"text-editor.default\">\n\t\t\t\t<div class=\"elementor-widget-container\">\n\t\t\t\t\t\t\t\t<div class=\"elementor-text-editor elementor-clearfix\">\n\t\t\t\t\t<p>Alimentation animale<br \/>Vente de grains aux particuliers<\/p><p>Agriculture raisonn\u00e9e,<br \/>Graines, aplaties, broy\u00e9es, en farine, en m\u00e9lange\u2026..<\/p><p>Bl\u00e9, orge, tournesol, ma\u00efs, avoine, f\u00e9veroles, lin, colza, triticale\u2026..<\/p>\t\t\t\t\t<\/div>\n\t\t\t\t\t\t<\/div>\n\t\t\t\t<\/div>\n\t\t\t\t<section class=\"elementor-section elementor-inner-section elementor-element elementor-element-8533c66 elementor-section-boxed elementor-section-height-default elementor-section-height-default\" data-id=\"8533c66\" data-element_type=\"section\" data-settings=\"{&quot;background_background&quot;:&quot;classic&quot;}\">\n\t\t\t\t\t\t<div class=\"elementor-container elementor-column-gap-default\">\n\t\t\t\t\t\t\t<div class=\"elementor-row\">\n\t\t\t\t\t<div class=\"elementor-column elementor-col-50 elementor-inner-column elementor-element elementor-element-02eda10\" data-id=\"02eda10\" data-element_type=\"column\">\n\t\t\t<div class=\"elementor-column-wrap elementor-element-populated\">\n\t\t\t\t\t\t\t<div class=\"elementor-widget-wrap\">\n\t\t\t\t\t\t<div class=\"elementor-element elementor-element-8f79de1 elementor-widget elementor-widget-text-editor\" data-id=\"8f79de1\" data-element_type=\"widget\" data-widget_type=\"text-editor.default\">\n\t\t\t\t<div class=\"elementor-widget-container\">\n\t\t\t\t\t\t\t\t<div class=\"elementor-text-editor elementor-clearfix\">\n\t\t\t\t\t<h3>Adresse<\/h3><p>Antyme SAUVESTRE<br \/>4, Notz l\u2019Abb\u00e9<br \/>36 220 MARTIZAY<\/p><p>T\u00e9l : 06 13 33 15 86<br \/><a href=\"mailto:antymesa13@hotmail.fr\">antymesa13@hotmail.fr<\/a><\/p>\t\t\t\t\t<\/div>\n\t\t\t\t\t\t<\/div>\n\t\t\t\t<\/div>\n\t\t\t\t<div class=\"elementor-element elementor-element-b170eee elementor-widget elementor-widget-image\" data-id=\"b170eee\" data-element_type=\"widget\" data-widget_type=\"image.default\">\n\t\t\t\t<div class=\"elementor-widget-container\">\n\t\t\t\t\t\t\t\t<div class=\"elementor-image\">\n\t\t\t\t\t\t\t\t\t\t\t\t<img width=\"271\" height=\"186\" src=\"https:\/\/martizay.fr\/wp-content\/uploads\/2022\/04\/antyme.jpg\" class=\"attachment-large size-large\" alt=\"\" loading=\"lazy\" \/>\t\t\t\t\t\t\t\t\t\t\t\t\t\t<\/div>\n\t\t\t\t\t\t<\/div>\n\t\t\t\t<\/div>\n\t\t\t\t\t\t<\/div>\n\t\t\t\t\t<\/div>\n\t\t<\/div>\n\t\t\t\t<div class=\"elementor-column elementor-col-50 elementor-inner-column elementor-element elementor-element-258a095\" data-id=\"258a095\" data-element_type=\"column\">\n\t\t\t<div class=\"elementor-column-wrap elementor-element-populated\">\n\t\t\t\t\t\t\t<div class=\"elementor-widget-wrap\">\n\t\t\t\t\t\t<div class=\"elementor-element elementor-element-67118f3 elementor-widget elementor-widget-text-editor\" data-id=\"67118f3\" data-element_type=\"widget\" data-widget_type=\"text-editor.default\">\n\t\t\t\t<div class=\"elementor-widget-container\">\n\t\t\t\t\t\t\t\t<div class=\"elementor-text-editor elementor-clearfix\">\n\t\t\t\t\t\t\t\t\t\t<\/div>\n\t\t\t\t\t\t<\/div>\n\t\t\t\t<\/div>\n\t\t\t\t<div class=\"elementor-element elementor-element-e48456b elementor-widget elementor-widget-text-editor\" data-id=\"e48456b\" data-element_type=\"widget\" data-widget_type=\"text-editor.default\">\n\t\t\t\t<div class=\"elementor-widget-container\">\n\t\t\t\t\t\t\t\t<div class=\"elementor-text-editor elementor-clearfix\">\n\t\t\t\t\t<p><span style=\"text-decoration: underline;\">Horaires de vente \u00e0 la ferme :\u00a0<\/span><\/p><p>lundi 11h \u00e0 11h45<\/p><p>mardi 17h \u00e0 17h45<\/p><p>jeudi 17h \u00e0 17h45 (vente en vrac avec vos contenants)<\/p><p>vendredi 17h \u00e0 17h45<\/p>\t\t\t\t\t<\/div>\n\t\t\t\t\t\t<\/div>\n\t\t\t\t<\/div>\n\t\t\t\t\t\t<\/div>\n\t\t\t\t\t<\/div>\n\t\t<\/div>\n\t\t\t\t\t\t\t\t<\/div>\n\t\t\t\t\t<\/div>\n\t\t<\/section>\n\t\t\t\t<div class=\"elementor-element elementor-element-0398c55 elementor-widget-divider--view-line elementor-widget elementor-widget-divider\" data-id=\"0398c55\" data-element_type=\"widget\" data-widget_type=\"divider.default\">\n\t\t\t\t<div class=\"elementor-widget-container\">\n\t\t\t\t\t<div class=\"elementor-divider\">\n\t\t\t<span class=\"elementor-divider-separator\">\n\t\t\t\t\t\t<\/span>\n\t\t<\/div>\n\t\t\t\t<\/div>\n\t\t\t\t<\/div>\n\t\t\t\t\t\t<\/div>\n\t\t\t\t\t<\/div>\n\t\t<\/div>\n\t\t\t\t\t\t\t\t<\/div>\n\t\t\t\t\t<\/div>\n\t\t<\/section>\n\t\t\t\t\t\t<\/div>\n\t\t\t\t\t\t<\/div>\n\t\t\t\t\t<\/div>\n\t\t","protected":false},"excerpt":{"rendered":"<p>La ferme du Maupas \u00ab la vache Brennouse \u00bb Vincent Meurgue Vente de lait de vache, yaourts, camembert, cr\u00e8me fra\u00eeche directement \u00e0 la ferme . Adresse Le Maupas36220 MARTIZAY T\u00e9l : 06.48.70.67.19vmeurguemaupas@gmail.com Horaires d\u2019ouverture Lundi et Vendredi 18h \u00e0 19hMercredi 14h \u00e0 19hSamedi 9h \u00e0 12h March\u00e9s :\u00a0 Mercredi\u00a0 : Le Blanc\u00a0Jeudi : M\u00e9zi\u00e8res en [&hellip;]<\/p>\n","protected":false},"author":4,"featured_media":1626,"parent":0,"menu_order":0,"comment_status":"closed","ping_status":"closed","template":"","meta":[],"yoast_head":"<!-- This site is optimized with the Yoast SEO plugin v18.3 - https:\/\/yoast.com\/wordpress\/plugins\/seo\/ -->\n<title>Les producteurs fermiers - Martizay<\/title>\n<meta name=\"robots\" content=\"index, follow, max-snippet:-1, max-image-preview:large, max-video-preview:-1\" \/>\n<link rel=\"canonical\" href=\"https:\/\/martizay.fr\/index.php\/producteurs-fermier\/\" \/>\n<meta property=\"og:locale\" content=\"fr_FR\" \/>\n<meta property=\"og:type\" content=\"article\" \/>\n<meta property=\"og:title\" content=\"Les producteurs fermiers - Martizay\" \/>\n<meta property=\"og:description\" content=\"La ferme du Maupas \u00ab la vache Brennouse \u00bb Vincent Meurgue Vente de lait de vache, yaourts, camembert, cr\u00e8me fra\u00eeche directement \u00e0 la ferme . Adresse Le Maupas36220 MARTIZAY T\u00e9l : 06.48.70.67.19vmeurguemaupas@gmail.com Horaires d\u2019ouverture Lundi et Vendredi 18h \u00e0 19hMercredi 14h \u00e0 19hSamedi 9h \u00e0 12h March\u00e9s :\u00a0 Mercredi\u00a0 : Le Blanc\u00a0Jeudi : M\u00e9zi\u00e8res en [&hellip;]\" \/>\n<meta property=\"og:url\" content=\"https:\/\/martizay.fr\/index.php\/producteurs-fermier\/\" \/>\n<meta property=\"og:site_name\" content=\"Martizay\" \/>\n<meta property=\"article:modified_time\" content=\"2025-10-08T12:28:16+00:00\" \/>\n<meta property=\"og:image\" content=\"https:\/\/martizay.fr\/wp-content\/uploads\/2020\/12\/photo-1601316587579-187125db32c8.jpg\" \/>\n\t<meta property=\"og:image:width\" content=\"1950\" \/>\n\t<meta property=\"og:image:height\" content=\"1302\" \/>\n\t<meta property=\"og:image:type\" content=\"image\/jpeg\" \/>\n<meta name=\"twitter:card\" content=\"summary_large_image\" \/>\n<meta name=\"twitter:label1\" content=\"Dur\u00e9e de lecture estim\u00e9e\" \/>\n\t<meta name=\"twitter:data1\" content=\"2 minutes\" \/>\n<script type=\"application\/ld+json\" class=\"yoast-schema-graph\">{\"@context\":\"https:\/\/schema.org\",\"@graph\":[{\"@type\":\"WebSite\",\"@id\":\"https:\/\/martizay.fr\/#website\",\"url\":\"https:\/\/martizay.fr\/\",\"name\":\"Martizay\",\"description\":\"Le site de la commune de Martizay\",\"potentialAction\":[{\"@type\":\"SearchAction\",\"target\":{\"@type\":\"EntryPoint\",\"urlTemplate\":\"https:\/\/martizay.fr\/?s={search_term_string}\"},\"query-input\":\"required name=search_term_string\"}],\"inLanguage\":\"fr-FR\"},{\"@type\":\"ImageObject\",\"@id\":\"https:\/\/martizay.fr\/index.php\/producteurs-fermier\/#primaryimage\",\"inLanguage\":\"fr-FR\",\"url\":\"https:\/\/martizay.fr\/wp-content\/uploads\/2020\/12\/photo-1601316587579-187125db32c8.jpg\",\"contentUrl\":\"https:\/\/martizay.fr\/wp-content\/uploads\/2020\/12\/photo-1601316587579-187125db32c8.jpg\",\"width\":1950,\"height\":1302},{\"@type\":\"WebPage\",\"@id\":\"https:\/\/martizay.fr\/index.php\/producteurs-fermier\/#webpage\",\"url\":\"https:\/\/martizay.fr\/index.php\/producteurs-fermier\/\",\"name\":\"Les producteurs fermiers - Martizay\",\"isPartOf\":{\"@id\":\"https:\/\/martizay.fr\/#website\"},\"primaryImageOfPage\":{\"@id\":\"https:\/\/martizay.fr\/index.php\/producteurs-fermier\/#primaryimage\"},\"datePublished\":\"2020-12-17T09:00:17+00:00\",\"dateModified\":\"2025-10-08T12:28:16+00:00\",\"breadcrumb\":{\"@id\":\"https:\/\/martizay.fr\/index.php\/producteurs-fermier\/#breadcrumb\"},\"inLanguage\":\"fr-FR\",\"potentialAction\":[{\"@type\":\"ReadAction\",\"target\":[\"https:\/\/martizay.fr\/index.php\/producteurs-fermier\/\"]}]},{\"@type\":\"BreadcrumbList\",\"@id\":\"https:\/\/martizay.fr\/index.php\/producteurs-fermier\/#breadcrumb\",\"itemListElement\":[{\"@type\":\"ListItem\",\"position\":1,\"name\":\"Accueil\",\"item\":\"https:\/\/martizay.fr\/\"},{\"@type\":\"ListItem\",\"position\":2,\"name\":\"Les producteurs fermiers\"}]}]}<\/script>\n<!-- \/ Yoast SEO plugin. -->","yoast_head_json":{"title":"Les producteurs fermiers - Martizay","robots":{"index":"index","follow":"follow","max-snippet":"max-snippet:-1","max-image-preview":"max-image-preview:large","max-video-preview":"max-video-preview:-1"},"canonical":"https:\/\/martizay.fr\/index.php\/producteurs-fermier\/","og_locale":"fr_FR","og_type":"article","og_title":"Les producteurs fermiers - Martizay","og_description":"La ferme du Maupas \u00ab la vache Brennouse \u00bb Vincent Meurgue Vente de lait de vache, yaourts, camembert, cr\u00e8me fra\u00eeche directement \u00e0 la ferme . Adresse Le Maupas36220 MARTIZAY T\u00e9l : 06.48.70.67.19vmeurguemaupas@gmail.com Horaires d\u2019ouverture Lundi et Vendredi 18h \u00e0 19hMercredi 14h \u00e0 19hSamedi 9h \u00e0 12h March\u00e9s :\u00a0 Mercredi\u00a0 : Le Blanc\u00a0Jeudi : M\u00e9zi\u00e8res en [&hellip;]","og_url":"https:\/\/martizay.fr\/index.php\/producteurs-fermier\/","og_site_name":"Martizay","article_modified_time":"2025-10-08T12:28:16+00:00","og_image":[{"width":1950,"height":1302,"url":"https:\/\/martizay.fr\/wp-content\/uploads\/2020\/12\/photo-1601316587579-187125db32c8.jpg","type":"image\/jpeg"}],"twitter_card":"summary_large_image","twitter_misc":{"Dur\u00e9e de lecture estim\u00e9e":"2 minutes"},"schema":{"@context":"https:\/\/schema.org","@graph":[{"@type":"WebSite","@id":"https:\/\/martizay.fr\/#website","url":"https:\/\/martizay.fr\/","name":"Martizay","description":"Le site de la commune de Martizay","potentialAction":[{"@type":"SearchAction","target":{"@type":"EntryPoint","urlTemplate":"https:\/\/martizay.fr\/?s={search_term_string}"},"query-input":"required name=search_term_string"}],"inLanguage":"fr-FR"},{"@type":"ImageObject","@id":"https:\/\/martizay.fr\/index.php\/producteurs-fermier\/#primaryimage","inLanguage":"fr-FR","url":"https:\/\/martizay.fr\/wp-content\/uploads\/2020\/12\/photo-1601316587579-187125db32c8.jpg","contentUrl":"https:\/\/martizay.fr\/wp-content\/uploads\/2020\/12\/photo-1601316587579-187125db32c8.jpg","width":1950,"height":1302},{"@type":"WebPage","@id":"https:\/\/martizay.fr\/index.php\/producteurs-fermier\/#webpage","url":"https:\/\/martizay.fr\/index.php\/producteurs-fermier\/","name":"Les producteurs fermiers - Martizay","isPartOf":{"@id":"https:\/\/martizay.fr\/#website"},"primaryImageOfPage":{"@id":"https:\/\/martizay.fr\/index.php\/producteurs-fermier\/#primaryimage"},"datePublished":"2020-12-17T09:00:17+00:00","dateModified":"2025-10-08T12:28:16+00:00","breadcrumb":{"@id":"https:\/\/martizay.fr\/index.php\/producteurs-fermier\/#breadcrumb"},"inLanguage":"fr-FR","potentialAction":[{"@type":"ReadAction","target":["https:\/\/martizay.fr\/index.php\/producteurs-fermier\/"]}]},{"@type":"BreadcrumbList","@id":"https:\/\/martizay.fr\/index.php\/producteurs-fermier\/#breadcrumb","itemListElement":[{"@type":"ListItem","position":1,"name":"Accueil","item":"https:\/\/martizay.fr\/"},{"@type":"ListItem","position":2,"name":"Les producteurs fermiers"}]}]}},"_links":{"self":[{"href":"https:\/\/martizay.fr\/index.php\/wp-json\/wp\/v2\/pages\/1625"}],"collection":[{"href":"https:\/\/martizay.fr\/index.php\/wp-json\/wp\/v2\/pages"}],"about":[{"href":"https:\/\/martizay.fr\/index.php\/wp-json\/wp\/v2\/types\/page"}],"author":[{"embeddable":true,"href":"https:\/\/martizay.fr\/index.php\/wp-json\/wp\/v2\/users\/4"}],"replies":[{"embeddable":true,"href":"https:\/\/martizay.fr\/index.php\/wp-json\/wp\/v2\/comments?post=1625"}],"version-history":[{"count":18,"href":"https:\/\/martizay.fr\/index.php\/wp-json\/wp\/v2\/pages\/1625\/revisions"}],"predecessor-version":[{"id":6549,"href":"https:\/\/martizay.fr\/index.php\/wp-json\/wp\/v2\/pages\/1625\/revisions\/6549"}],"wp:featuredmedia":[{"embeddable":true,"href":"https:\/\/martizay.fr\/index.php\/wp-json\/wp\/v2\/media\/1626"}],"wp:attachment":[{"href":"https:\/\/martizay.fr\/index.php\/wp-json\/wp\/v2\/media?parent=1625"}],"curies":[{"name":"wp","href":"https:\/\/api.w.org\/{rel}","templated":true}]}}