{"id":2064,"date":"2021-02-12T18:44:56","date_gmt":"2021-02-12T17:44:56","guid":{"rendered":"https:\/\/martizay.fr\/?page_id=2064"},"modified":"2021-02-12T20:40:51","modified_gmt":"2021-02-12T19:40:51","slug":"plu","status":"publish","type":"page","link":"https:\/\/martizay.fr\/index.php\/plu\/","title":{"rendered":"PLU"},"content":{"rendered":"\t\t<div data-elementor-type=\"wp-page\" data-elementor-id=\"2064\" class=\"elementor elementor-2064\" data-elementor-settings=\"[]\">\n\t\t\t\t\t\t<div class=\"elementor-inner\">\n\t\t\t\t\t\t\t<div class=\"elementor-section-wrap\">\n\t\t\t\t\t\t\t<section class=\"elementor-section elementor-top-section elementor-element elementor-element-6349e05 elementor-section-boxed elementor-section-height-default elementor-section-height-default\" data-id=\"6349e05\" data-element_type=\"section\">\n\t\t\t\t\t\t<div class=\"elementor-container elementor-column-gap-default\">\n\t\t\t\t\t\t\t<div class=\"elementor-row\">\n\t\t\t\t\t<div class=\"elementor-column elementor-col-100 elementor-top-column elementor-element elementor-element-bc1b89f\" data-id=\"bc1b89f\" data-element_type=\"column\">\n\t\t\t<div class=\"elementor-column-wrap elementor-element-populated\">\n\t\t\t\t\t\t\t<div class=\"elementor-widget-wrap\">\n\t\t\t\t\t\t<div class=\"elementor-element elementor-element-2b39c3e elementor-widget elementor-widget-heading\" data-id=\"2b39c3e\" data-element_type=\"widget\" data-widget_type=\"heading.default\">\n\t\t\t\t<div class=\"elementor-widget-container\">\n\t\t\t<h2 class=\"elementor-heading-title elementor-size-default\">AVIS D\u2019ENQU\u00caTE \nPUBLIQUE<\/h2>\t\t<\/div>\n\t\t\t\t<\/div>\n\t\t\t\t\t\t<\/div>\n\t\t\t\t\t<\/div>\n\t\t<\/div>\n\t\t\t\t\t\t\t\t<\/div>\n\t\t\t\t\t<\/div>\n\t\t<\/section>\n\t\t\t\t<section class=\"elementor-section elementor-top-section elementor-element elementor-element-bf09745 elementor-section-boxed elementor-section-height-default elementor-section-height-default\" data-id=\"bf09745\" data-element_type=\"section\">\n\t\t\t\t\t\t<div class=\"elementor-container elementor-column-gap-default\">\n\t\t\t\t\t\t\t<div class=\"elementor-row\">\n\t\t\t\t\t<div class=\"elementor-column elementor-col-100 elementor-top-column elementor-element elementor-element-fe2b80d\" data-id=\"fe2b80d\" data-element_type=\"column\">\n\t\t\t<div class=\"elementor-column-wrap elementor-element-populated\">\n\t\t\t\t\t\t\t<div class=\"elementor-widget-wrap\">\n\t\t\t\t\t\t<div class=\"elementor-element elementor-element-4eeea61 elementor-widget elementor-widget-heading\" data-id=\"4eeea61\" data-element_type=\"widget\" data-widget_type=\"heading.default\">\n\t\t\t\t<div class=\"elementor-widget-container\">\n\t\t\t<h3 class=\"elementor-heading-title elementor-size-default\">portant sur l\u2019\u00e9laboration du Plan Local d\u2019Urbanisme\nsur l\u2019ensemble de la Commune de MARTIZAY<\/h3>\t\t<\/div>\n\t\t\t\t<\/div>\n\t\t\t\t\t\t<\/div>\n\t\t\t\t\t<\/div>\n\t\t<\/div>\n\t\t\t\t\t\t\t\t<\/div>\n\t\t\t\t\t<\/div>\n\t\t<\/section>\n\t\t\t\t<section class=\"elementor-section elementor-top-section elementor-element elementor-element-6e3d4bb elementor-section-boxed elementor-section-height-default elementor-section-height-default\" data-id=\"6e3d4bb\" data-element_type=\"section\">\n\t\t\t\t\t\t<div class=\"elementor-container elementor-column-gap-default\">\n\t\t\t\t\t\t\t<div class=\"elementor-row\">\n\t\t\t\t\t<div class=\"elementor-column elementor-col-100 elementor-top-column elementor-element elementor-element-e907a79\" data-id=\"e907a79\" data-element_type=\"column\">\n\t\t\t<div class=\"elementor-column-wrap elementor-element-populated\">\n\t\t\t\t\t\t\t<div class=\"elementor-widget-wrap\">\n\t\t\t\t\t\t<div class=\"elementor-element elementor-element-b10c966 elementor-widget elementor-widget-text-editor\" data-id=\"b10c966\" data-element_type=\"widget\" data-widget_type=\"text-editor.default\">\n\t\t\t\t<div class=\"elementor-widget-container\">\n\t\t\t\t\t\t\t\t<div class=\"elementor-text-editor elementor-clearfix\">\n\t\t\t\t\t<p>Par arr\u00eat\u00e9 en date du 01\/02\/2021 le Maire de la Commune de MARTIZAY a ordonn\u00e9 l\u2019ouverture d\u2019une enqu\u00eate publique du Plan Local d\u2019Urbanisme (PLU).<\/p><p>La personne responsable de l\u2019\u00e9laboration du PLU est la Commune de MARTIZAY repr\u00e9sent\u00e9e par son Maire.<\/p><p>A l\u2019issue de l\u2019enqu\u00eate publique, le conseil municipal approuvera le PLU, \u00e9ventuellement modifi\u00e9 pour tenir compte des observations \u00e9mises lors de l\u2019enqu\u00eate et des avis des personnes publiques associ\u00e9es, et suivant l\u2019avis du commissaire-enqu\u00eateur.<\/p><p>Le tribunal a d\u00e9sign\u00e9 <strong>M. Beno\u00eet MICHEL<\/strong> en qualit\u00e9 de commissaire-enqu\u00eateur.<\/p><p>L\u2019enqu\u00eate publique se d\u00e9roulera \u00e0 la Mairie de MARTIZAY \u2013 6, rue de l\u2019Europe<br \/>du <strong>Lundi 1ER Mars 2021 \u00e0 10 h 00 au vendredi 02 avril 2021 inclus \u00e0 17 h 00<\/strong>.<\/p><p>Le commissaire-enqu\u00eateur recevra le public les\u00a0:<\/p><ul><li>Lundi 1er mars 2021 de 10 h 00 \u00e0 12 h 00<\/li><li>Mardi 09 mars 2021 de 10 h 00 \u00e0 12 h 00<\/li><li>Samedi 20 mars 2021 de 10 h 00 \u00e0 12 h 00<\/li><li>Samedi 27 mars 2021 de 10 h 00 \u00e0 12 h 00<\/li><li>Mercredi 31 Mars 2021 de 14 h 00 \u00e0 16 h 00<\/li><li>Vendredi 02 avril 2021 de 15 h 00 \u00e0 17 h 00<\/li><\/ul><p>\u00a0<\/p><p>Pendant la dur\u00e9e de l\u2019enqu\u00eate, le dossier d\u2019enqu\u00eate pourra \u00eatre consult\u00e9\u00a0:<br \/>&#8211; sur le site <a href=\"https:\/\/www.indre.gouv.fr\">https:\/\/www.indre.gouv.fr<\/a>, ou www.martizay.fr<br \/>&#8211; en mairie de MARTIZAY (36220) \u2013 6 rue de l\u2019Europe, aux jours et heures d\u2019ouverture soit les lundi, mardi, mercredi, jeudi, vendredi et samedi de 8 h 30 \u00e0 12 h 00 et les lundi, mercredi et vendredi de 13 h 30 \u00e0 17 h 00.<br \/>&#8211; ainsi que sur les postes informatiques de la M\u00e9diath\u00e8que aux jours et heures d\u2019ouverture soit les mardi, mercredi et jeudi de 10 h 00 \u00e0 12 h 00 et de 14 h 00 \u00e0 18 h 00 et les vendredi et samedi de 10 h 00 \u00e0 12 h 00.<\/p><p>Chacun pourra prendre connaissance du dossier ainsi que des remarques formul\u00e9es, et consigner ses observations et propositions\u00a0:<\/p><ul><li>\u00a0<strong>Soit sur le registre d\u2019enqu\u00eate d\u00e9pos\u00e9 en mairie,<\/strong><\/li><li><strong>Soit les adresser avec la mention \u00ab OBJET : PLU \u00bb<\/strong><br \/><strong>par courrier postal au si\u00e8ge de l\u2019enqu\u00eate : Mairie de MARTIZAY \u2013 6 rue de l\u2019Europe \u00e0 l\u2019attention<\/strong><br \/>de M. Beno\u00eet MICHEL, commissaire-enqu\u00eateur<\/li><li><strong>ou par courrier \u00e9lectronique \u00e0 : <a href=\"mailto:mairie@martizay.fr\">mairie@martizay.fr<\/a> au plus tard le 02\/04\/2021 \u00e0 17 h 00.<\/strong><\/li><\/ul>\t\t\t\t\t<\/div>\n\t\t\t\t\t\t<\/div>\n\t\t\t\t<\/div>\n\t\t\t\t\t\t<\/div>\n\t\t\t\t\t<\/div>\n\t\t<\/div>\n\t\t\t\t\t\t\t\t<\/div>\n\t\t\t\t\t<\/div>\n\t\t<\/section>\n\t\t\t\t<section class=\"elementor-section elementor-top-section elementor-element elementor-element-8e4ade8 elementor-section-boxed elementor-section-height-default elementor-section-height-default\" data-id=\"8e4ade8\" data-element_type=\"section\">\n\t\t\t\t\t\t<div class=\"elementor-container elementor-column-gap-default\">\n\t\t\t\t\t\t\t<div class=\"elementor-row\">\n\t\t\t\t\t<div class=\"elementor-column elementor-col-100 elementor-top-column elementor-element elementor-element-5000a5c\" data-id=\"5000a5c\" data-element_type=\"column\">\n\t\t\t<div class=\"elementor-column-wrap elementor-element-populated\">\n\t\t\t\t\t\t\t<div class=\"elementor-widget-wrap\">\n\t\t\t\t\t\t<div class=\"elementor-element elementor-element-7cf0394 elementor-widget elementor-widget-heading\" data-id=\"7cf0394\" data-element_type=\"widget\" data-widget_type=\"heading.default\">\n\t\t\t\t<div class=\"elementor-widget-container\">\n\t\t\t<h2 class=\"elementor-heading-title elementor-size-default\"><br>Documents en t\u00e9l\u00e9chargement :<\/h2>\t\t<\/div>\n\t\t\t\t<\/div>\n\t\t\t\t\t\t<\/div>\n\t\t\t\t\t<\/div>\n\t\t<\/div>\n\t\t\t\t\t\t\t\t<\/div>\n\t\t\t\t\t<\/div>\n\t\t<\/section>\n\t\t\t\t<section class=\"elementor-section elementor-top-section elementor-element elementor-element-eb8bdb3 elementor-section-boxed elementor-section-height-default elementor-section-height-default\" data-id=\"eb8bdb3\" data-element_type=\"section\">\n\t\t\t\t\t\t<div class=\"elementor-container elementor-column-gap-default\">\n\t\t\t\t\t\t\t<div class=\"elementor-row\">\n\t\t\t\t\t<div class=\"elementor-column elementor-col-100 elementor-top-column elementor-element elementor-element-4dba109\" data-id=\"4dba109\" data-element_type=\"column\">\n\t\t\t<div class=\"elementor-column-wrap elementor-element-populated\">\n\t\t\t\t\t\t\t<div class=\"elementor-widget-wrap\">\n\t\t\t\t\t\t<div class=\"elementor-element elementor-element-bfa1a7e elementor-align-center elementor-widget elementor-widget-button\" data-id=\"bfa1a7e\" data-element_type=\"widget\" data-widget_type=\"button.default\">\n\t\t\t\t<div class=\"elementor-widget-container\">\n\t\t\t\t\t<div class=\"elementor-button-wrapper\">\n\t\t\t<a href=\"https:\/\/martizay.fr\/wp-content\/uploads\/2021\/02\/arrete-du-maire.pdf\" class=\"elementor-button-link elementor-button elementor-size-sm\" role=\"button\">\n\t\t\t\t\t\t<span class=\"elementor-button-content-wrapper\">\n\t\t\t\t\t\t<span class=\"elementor-button-text\">L'arr\u00eat\u00e9 du Maire<\/span>\n\t\t<\/span>\n\t\t\t\t\t<\/a>\n\t\t<\/div>\n\t\t\t\t<\/div>\n\t\t\t\t<\/div>\n\t\t\t\t\t\t<\/div>\n\t\t\t\t\t<\/div>\n\t\t<\/div>\n\t\t\t\t\t\t\t\t<\/div>\n\t\t\t\t\t<\/div>\n\t\t<\/section>\n\t\t\t\t<section class=\"elementor-section elementor-top-section elementor-element elementor-element-c71ba54 elementor-section-boxed elementor-section-height-default elementor-section-height-default\" data-id=\"c71ba54\" data-element_type=\"section\">\n\t\t\t\t\t\t<div class=\"elementor-container elementor-column-gap-default\">\n\t\t\t\t\t\t\t<div class=\"elementor-row\">\n\t\t\t\t\t<div class=\"elementor-column elementor-col-100 elementor-top-column elementor-element elementor-element-d59f165\" data-id=\"d59f165\" data-element_type=\"column\">\n\t\t\t<div class=\"elementor-column-wrap elementor-element-populated\">\n\t\t\t\t\t\t\t<div class=\"elementor-widget-wrap\">\n\t\t\t\t\t\t<div class=\"elementor-element elementor-element-06dd28a elementor-align-center elementor-widget elementor-widget-button\" data-id=\"06dd28a\" data-element_type=\"widget\" data-widget_type=\"button.default\">\n\t\t\t\t<div class=\"elementor-widget-container\">\n\t\t\t\t\t<div class=\"elementor-button-wrapper\">\n\t\t\t<a href=\"https:\/\/martizay.fr\/wp-content\/uploads\/2021\/02\/Avis-PPA.pdf\" class=\"elementor-button-link elementor-button elementor-size-sm\" role=\"button\">\n\t\t\t\t\t\t<span class=\"elementor-button-content-wrapper\">\n\t\t\t\t\t\t<span class=\"elementor-button-text\">Avis des Personnes Publiques Associ\u00e9es<\/span>\n\t\t<\/span>\n\t\t\t\t\t<\/a>\n\t\t<\/div>\n\t\t\t\t<\/div>\n\t\t\t\t<\/div>\n\t\t\t\t\t\t<\/div>\n\t\t\t\t\t<\/div>\n\t\t<\/div>\n\t\t\t\t\t\t\t\t<\/div>\n\t\t\t\t\t<\/div>\n\t\t<\/section>\n\t\t\t\t<section class=\"elementor-section elementor-top-section elementor-element elementor-element-949d112 elementor-section-boxed elementor-section-height-default elementor-section-height-default\" data-id=\"949d112\" data-element_type=\"section\">\n\t\t\t\t\t\t<div class=\"elementor-container elementor-column-gap-default\">\n\t\t\t\t\t\t\t<div class=\"elementor-row\">\n\t\t\t\t\t<div class=\"elementor-column elementor-col-33 elementor-top-column elementor-element elementor-element-fc7c616\" data-id=\"fc7c616\" data-element_type=\"column\">\n\t\t\t<div class=\"elementor-column-wrap elementor-element-populated\">\n\t\t\t\t\t\t\t<div class=\"elementor-widget-wrap\">\n\t\t\t\t\t\t<div class=\"elementor-element elementor-element-5a6ec10 elementor-align-center elementor-widget elementor-widget-button\" data-id=\"5a6ec10\" data-element_type=\"widget\" data-widget_type=\"button.default\">\n\t\t\t\t<div class=\"elementor-widget-container\">\n\t\t\t\t\t<div class=\"elementor-button-wrapper\">\n\t\t\t<a href=\"https:\/\/martizay.fr\/wp-content\/uploads\/2021\/02\/Dossier-PLU.pdf\" class=\"elementor-button-link elementor-button elementor-size-sm\" role=\"button\">\n\t\t\t\t\t\t<span class=\"elementor-button-content-wrapper\">\n\t\t\t\t\t\t<span class=\"elementor-button-text\">Dossier PLU<\/span>\n\t\t<\/span>\n\t\t\t\t\t<\/a>\n\t\t<\/div>\n\t\t\t\t<\/div>\n\t\t\t\t<\/div>\n\t\t\t\t\t\t<\/div>\n\t\t\t\t\t<\/div>\n\t\t<\/div>\n\t\t\t\t<div class=\"elementor-column elementor-col-33 elementor-top-column elementor-element elementor-element-844ea3d\" data-id=\"844ea3d\" data-element_type=\"column\">\n\t\t\t<div class=\"elementor-column-wrap elementor-element-populated\">\n\t\t\t\t\t\t\t<div class=\"elementor-widget-wrap\">\n\t\t\t\t\t\t<div class=\"elementor-element elementor-element-3e6b009 elementor-align-center elementor-widget elementor-widget-button\" data-id=\"3e6b009\" data-element_type=\"widget\" data-widget_type=\"button.default\">\n\t\t\t\t<div class=\"elementor-widget-container\">\n\t\t\t\t\t<div class=\"elementor-button-wrapper\">\n\t\t\t<a href=\"https:\/\/martizay.fr\/wp-content\/uploads\/2021\/02\/plans.pdf\" class=\"elementor-button-link elementor-button elementor-size-sm\" role=\"button\">\n\t\t\t\t\t\t<span class=\"elementor-button-content-wrapper\">\n\t\t\t\t\t\t<span class=\"elementor-button-text\">Les Plans<\/span>\n\t\t<\/span>\n\t\t\t\t\t<\/a>\n\t\t<\/div>\n\t\t\t\t<\/div>\n\t\t\t\t<\/div>\n\t\t\t\t\t\t<\/div>\n\t\t\t\t\t<\/div>\n\t\t<\/div>\n\t\t\t\t<div class=\"elementor-column elementor-col-33 elementor-top-column elementor-element elementor-element-27617eb\" data-id=\"27617eb\" data-element_type=\"column\">\n\t\t\t<div class=\"elementor-column-wrap elementor-element-populated\">\n\t\t\t\t\t\t\t<div class=\"elementor-widget-wrap\">\n\t\t\t\t\t\t<div class=\"elementor-element elementor-element-83e7e74 elementor-align-center elementor-widget elementor-widget-button\" data-id=\"83e7e74\" data-element_type=\"widget\" data-widget_type=\"button.default\">\n\t\t\t\t<div class=\"elementor-widget-container\">\n\t\t\t\t\t<div class=\"elementor-button-wrapper\">\n\t\t\t<a href=\"https:\/\/martizay.fr\/wp-content\/uploads\/2021\/02\/annexes.pdf\" class=\"elementor-button-link elementor-button elementor-size-sm\" role=\"button\">\n\t\t\t\t\t\t<span class=\"elementor-button-content-wrapper\">\n\t\t\t\t\t\t<span class=\"elementor-button-text\">Annexes<\/span>\n\t\t<\/span>\n\t\t\t\t\t<\/a>\n\t\t<\/div>\n\t\t\t\t<\/div>\n\t\t\t\t<\/div>\n\t\t\t\t\t\t<\/div>\n\t\t\t\t\t<\/div>\n\t\t<\/div>\n\t\t\t\t\t\t\t\t<\/div>\n\t\t\t\t\t<\/div>\n\t\t<\/section>\n\t\t\t\t\t\t<\/div>\n\t\t\t\t\t\t<\/div>\n\t\t\t\t\t<\/div>\n\t\t","protected":false},"excerpt":{"rendered":"<p>AVIS D\u2019ENQU\u00caTE PUBLIQUE portant sur l\u2019\u00e9laboration du Plan Local d\u2019Urbanisme sur l\u2019ensemble de la Commune de MARTIZAY Par arr\u00eat\u00e9 en date du 01\/02\/2021 le Maire de la Commune de MARTIZAY a ordonn\u00e9 l\u2019ouverture d\u2019une enqu\u00eate publique du Plan Local d\u2019Urbanisme (PLU). La personne responsable de l\u2019\u00e9laboration du PLU est la Commune de MARTIZAY repr\u00e9sent\u00e9e par [&hellip;]<\/p>\n","protected":false},"author":4,"featured_media":1058,"parent":0,"menu_order":0,"comment_status":"closed","ping_status":"closed","template":"","meta":[],"yoast_head":"<!-- This site is optimized with the Yoast SEO plugin v18.3 - https:\/\/yoast.com\/wordpress\/plugins\/seo\/ -->\n<title>PLU - Martizay<\/title>\n<meta name=\"robots\" content=\"index, follow, max-snippet:-1, max-image-preview:large, max-video-preview:-1\" \/>\n<link rel=\"canonical\" href=\"https:\/\/martizay.fr\/index.php\/plu\/\" \/>\n<meta property=\"og:locale\" content=\"fr_FR\" \/>\n<meta property=\"og:type\" content=\"article\" \/>\n<meta property=\"og:title\" content=\"PLU - Martizay\" \/>\n<meta property=\"og:description\" content=\"AVIS D\u2019ENQU\u00caTE PUBLIQUE portant sur l\u2019\u00e9laboration du Plan Local d\u2019Urbanisme sur l\u2019ensemble de la Commune de MARTIZAY Par arr\u00eat\u00e9 en date du 01\/02\/2021 le Maire de la Commune de MARTIZAY a ordonn\u00e9 l\u2019ouverture d\u2019une enqu\u00eate publique du Plan Local d\u2019Urbanisme (PLU). La personne responsable de l\u2019\u00e9laboration du PLU est la Commune de MARTIZAY repr\u00e9sent\u00e9e par [&hellip;]\" \/>\n<meta property=\"og:url\" content=\"https:\/\/martizay.fr\/index.php\/plu\/\" \/>\n<meta property=\"og:site_name\" content=\"Martizay\" \/>\n<meta property=\"article:modified_time\" content=\"2021-02-12T19:40:51+00:00\" \/>\n<meta property=\"og:image\" content=\"https:\/\/martizay.fr\/wp-content\/uploads\/2020\/11\/photo-1454165804606-c3d57bc86b40.jpg\" \/>\n\t<meta property=\"og:image:width\" content=\"1950\" \/>\n\t<meta property=\"og:image:height\" content=\"1301\" \/>\n\t<meta property=\"og:image:type\" content=\"image\/jpeg\" \/>\n<meta name=\"twitter:card\" content=\"summary_large_image\" \/>\n<meta name=\"twitter:label1\" content=\"Dur\u00e9e de lecture estim\u00e9e\" \/>\n\t<meta name=\"twitter:data1\" content=\"2 minutes\" \/>\n<script type=\"application\/ld+json\" class=\"yoast-schema-graph\">{\"@context\":\"https:\/\/schema.org\",\"@graph\":[{\"@type\":\"WebSite\",\"@id\":\"https:\/\/martizay.fr\/#website\",\"url\":\"https:\/\/martizay.fr\/\",\"name\":\"Martizay\",\"description\":\"Le site de la commune de Martizay\",\"potentialAction\":[{\"@type\":\"SearchAction\",\"target\":{\"@type\":\"EntryPoint\",\"urlTemplate\":\"https:\/\/martizay.fr\/?s={search_term_string}\"},\"query-input\":\"required name=search_term_string\"}],\"inLanguage\":\"fr-FR\"},{\"@type\":\"ImageObject\",\"@id\":\"https:\/\/martizay.fr\/index.php\/plu\/#primaryimage\",\"inLanguage\":\"fr-FR\",\"url\":\"https:\/\/martizay.fr\/wp-content\/uploads\/2020\/11\/photo-1454165804606-c3d57bc86b40.jpg\",\"contentUrl\":\"https:\/\/martizay.fr\/wp-content\/uploads\/2020\/11\/photo-1454165804606-c3d57bc86b40.jpg\",\"width\":1950,\"height\":1301},{\"@type\":\"WebPage\",\"@id\":\"https:\/\/martizay.fr\/index.php\/plu\/#webpage\",\"url\":\"https:\/\/martizay.fr\/index.php\/plu\/\",\"name\":\"PLU - Martizay\",\"isPartOf\":{\"@id\":\"https:\/\/martizay.fr\/#website\"},\"primaryImageOfPage\":{\"@id\":\"https:\/\/martizay.fr\/index.php\/plu\/#primaryimage\"},\"datePublished\":\"2021-02-12T17:44:56+00:00\",\"dateModified\":\"2021-02-12T19:40:51+00:00\",\"breadcrumb\":{\"@id\":\"https:\/\/martizay.fr\/index.php\/plu\/#breadcrumb\"},\"inLanguage\":\"fr-FR\",\"potentialAction\":[{\"@type\":\"ReadAction\",\"target\":[\"https:\/\/martizay.fr\/index.php\/plu\/\"]}]},{\"@type\":\"BreadcrumbList\",\"@id\":\"https:\/\/martizay.fr\/index.php\/plu\/#breadcrumb\",\"itemListElement\":[{\"@type\":\"ListItem\",\"position\":1,\"name\":\"Accueil\",\"item\":\"https:\/\/martizay.fr\/\"},{\"@type\":\"ListItem\",\"position\":2,\"name\":\"PLU\"}]}]}<\/script>\n<!-- \/ Yoast SEO plugin. -->","yoast_head_json":{"title":"PLU - Martizay","robots":{"index":"index","follow":"follow","max-snippet":"max-snippet:-1","max-image-preview":"max-image-preview:large","max-video-preview":"max-video-preview:-1"},"canonical":"https:\/\/martizay.fr\/index.php\/plu\/","og_locale":"fr_FR","og_type":"article","og_title":"PLU - Martizay","og_description":"AVIS D\u2019ENQU\u00caTE PUBLIQUE portant sur l\u2019\u00e9laboration du Plan Local d\u2019Urbanisme sur l\u2019ensemble de la Commune de MARTIZAY Par arr\u00eat\u00e9 en date du 01\/02\/2021 le Maire de la Commune de MARTIZAY a ordonn\u00e9 l\u2019ouverture d\u2019une enqu\u00eate publique du Plan Local d\u2019Urbanisme (PLU). La personne responsable de l\u2019\u00e9laboration du PLU est la Commune de MARTIZAY repr\u00e9sent\u00e9e par [&hellip;]","og_url":"https:\/\/martizay.fr\/index.php\/plu\/","og_site_name":"Martizay","article_modified_time":"2021-02-12T19:40:51+00:00","og_image":[{"width":1950,"height":1301,"url":"https:\/\/martizay.fr\/wp-content\/uploads\/2020\/11\/photo-1454165804606-c3d57bc86b40.jpg","type":"image\/jpeg"}],"twitter_card":"summary_large_image","twitter_misc":{"Dur\u00e9e de lecture estim\u00e9e":"2 minutes"},"schema":{"@context":"https:\/\/schema.org","@graph":[{"@type":"WebSite","@id":"https:\/\/martizay.fr\/#website","url":"https:\/\/martizay.fr\/","name":"Martizay","description":"Le site de la commune de Martizay","potentialAction":[{"@type":"SearchAction","target":{"@type":"EntryPoint","urlTemplate":"https:\/\/martizay.fr\/?s={search_term_string}"},"query-input":"required name=search_term_string"}],"inLanguage":"fr-FR"},{"@type":"ImageObject","@id":"https:\/\/martizay.fr\/index.php\/plu\/#primaryimage","inLanguage":"fr-FR","url":"https:\/\/martizay.fr\/wp-content\/uploads\/2020\/11\/photo-1454165804606-c3d57bc86b40.jpg","contentUrl":"https:\/\/martizay.fr\/wp-content\/uploads\/2020\/11\/photo-1454165804606-c3d57bc86b40.jpg","width":1950,"height":1301},{"@type":"WebPage","@id":"https:\/\/martizay.fr\/index.php\/plu\/#webpage","url":"https:\/\/martizay.fr\/index.php\/plu\/","name":"PLU - Martizay","isPartOf":{"@id":"https:\/\/martizay.fr\/#website"},"primaryImageOfPage":{"@id":"https:\/\/martizay.fr\/index.php\/plu\/#primaryimage"},"datePublished":"2021-02-12T17:44:56+00:00","dateModified":"2021-02-12T19:40:51+00:00","breadcrumb":{"@id":"https:\/\/martizay.fr\/index.php\/plu\/#breadcrumb"},"inLanguage":"fr-FR","potentialAction":[{"@type":"ReadAction","target":["https:\/\/martizay.fr\/index.php\/plu\/"]}]},{"@type":"BreadcrumbList","@id":"https:\/\/martizay.fr\/index.php\/plu\/#breadcrumb","itemListElement":[{"@type":"ListItem","position":1,"name":"Accueil","item":"https:\/\/martizay.fr\/"},{"@type":"ListItem","position":2,"name":"PLU"}]}]}},"_links":{"self":[{"href":"https:\/\/martizay.fr\/index.php\/wp-json\/wp\/v2\/pages\/2064"}],"collection":[{"href":"https:\/\/martizay.fr\/index.php\/wp-json\/wp\/v2\/pages"}],"about":[{"href":"https:\/\/martizay.fr\/index.php\/wp-json\/wp\/v2\/types\/page"}],"author":[{"embeddable":true,"href":"https:\/\/martizay.fr\/index.php\/wp-json\/wp\/v2\/users\/4"}],"replies":[{"embeddable":true,"href":"https:\/\/martizay.fr\/index.php\/wp-json\/wp\/v2\/comments?post=2064"}],"version-history":[{"count":19,"href":"https:\/\/martizay.fr\/index.php\/wp-json\/wp\/v2\/pages\/2064\/revisions"}],"predecessor-version":[{"id":2092,"href":"https:\/\/martizay.fr\/index.php\/wp-json\/wp\/v2\/pages\/2064\/revisions\/2092"}],"wp:featuredmedia":[{"embeddable":true,"href":"https:\/\/martizay.fr\/index.php\/wp-json\/wp\/v2\/media\/1058"}],"wp:attachment":[{"href":"https:\/\/martizay.fr\/index.php\/wp-json\/wp\/v2\/media?parent=2064"}],"curies":[{"name":"wp","href":"https:\/\/api.w.org\/{rel}","templated":true}]}}