{"id":906,"date":"2020-11-16T15:40:48","date_gmt":"2020-11-16T14:40:48","guid":{"rendered":"https:\/\/martizay.fr\/?page_id=906"},"modified":"2020-12-16T15:37:48","modified_gmt":"2020-12-16T14:37:48","slug":"la-marpa","status":"publish","type":"page","link":"https:\/\/martizay.fr\/index.php\/la-marpa\/","title":{"rendered":"La Marpa"},"content":{"rendered":"\t\t<div data-elementor-type=\"wp-page\" data-elementor-id=\"906\" class=\"elementor elementor-906\" data-elementor-settings=\"[]\">\n\t\t\t\t\t\t<div class=\"elementor-inner\">\n\t\t\t\t\t\t\t<div class=\"elementor-section-wrap\">\n\t\t\t\t\t\t\t<section class=\"elementor-section elementor-top-section elementor-element elementor-element-3159be4 elementor-section-boxed elementor-section-height-default elementor-section-height-default\" data-id=\"3159be4\" data-element_type=\"section\">\n\t\t\t\t\t\t<div class=\"elementor-container elementor-column-gap-default\">\n\t\t\t\t\t\t\t<div class=\"elementor-row\">\n\t\t\t\t\t<div class=\"elementor-column elementor-col-100 elementor-top-column elementor-element elementor-element-ed64631\" data-id=\"ed64631\" data-element_type=\"column\">\n\t\t\t<div class=\"elementor-column-wrap elementor-element-populated\">\n\t\t\t\t\t\t\t<div class=\"elementor-widget-wrap\">\n\t\t\t\t\t\t<div class=\"elementor-element elementor-element-95cb4e9 elementor-widget elementor-widget-text-editor\" data-id=\"95cb4e9\" data-element_type=\"widget\" data-widget_type=\"text-editor.default\">\n\t\t\t\t<div class=\"elementor-widget-container\">\n\t\t\t\t\t\t\t\t<div class=\"elementor-text-editor elementor-clearfix\">\n\t\t\t\t\t<h2>Pr\u00e9sentation<\/h2>\n<p>La MARPA de Martizay a ouvert ses portes en 1996 et accueillait alors 12 r\u00e9sidents. C\u2019est dans l\u2019ancienne gendarmerie du village que fut construite cette premi\u00e8re partie de la maison d\u2019accueil.<br>La deuxi\u00e8me partie de l\u2019\u00e9tablissement, construite en 2000, permit d\u2019accueillir 8 personnes suppl\u00e9mentaires.<\/p>\n<p>Situ\u00e9e au centre bourg de Martizay, \u00e0 c\u00f4t\u00e9 de la salle des f\u00eates et de l\u2019\u00e9cole, la MARPA est une petite unit\u00e9 de vie qui peut donc accueillir 20 personnes dans des logements privatifs.<\/p>\n<p>La MARPA est g\u00e9r\u00e9e par un Conseil d\u2019Administration compos\u00e9 de 20 membres.<br>Le Conseil d\u2019Administration prend toutes les d\u00e9cisions importantes relatives \u00e0 l\u2019\u00e9tablissement et \u00e0 son fonctionnement, mais il reste surtout tr\u00e8s soucieux et d\u00e9sireux du bien-\u00eatre des r\u00e9sidents.<\/p>\n<h3>Rester vivre au pays\u2026<\/h3>\n<p>La MARPA offre la possibilit\u00e9 aux personnes de rester dans un environnement familier tout en ayant un confort de vie et une s\u00e9curit\u00e9 optimum.<\/p>\n<h2>Les services<\/h2>\n<h3>Le service lingerie<\/h3>\n<p>Les r\u00e9sidents ont la possibilit\u00e9 d\u2019installer dans leur logement une machine \u00e0 laver. Toutefois, pour ceux qui le d\u00e9sirent, la MARPA propose un service de blanchissage. Le linge est ramass\u00e9 du lundi au mercredi et rendu en fin de semaine. (Cf. tarifs ci-apr\u00e8s)<\/p>\n<h3>Les services ext\u00e9rieurs<\/h3>\n<p>Le choix des professionnels de sant\u00e9 ou de services externes est libre et d\u00e9pend enti\u00e8rement des r\u00e9sidents.<br>La MARPA reste \u201cson chez-soi\u201d, les personnes gardent leur m\u00e9decin traitant, leur infirmi\u00e8re, leur kin\u00e9sith\u00e9rapeute, leur service d\u2019aide m\u00e9nag\u00e8re, leur coiffeur\u2026<\/p>\n<p>Les boulangers passent \u00e0 la MARPA les mardis et les vendredis matin.<\/p>\n<h2>Admission<\/h2>\n<p>La MARPA accueille en priorit\u00e9 des personnes de plus de 60 ans et r\u00e9sidentes dans les communes avoisinantes de Martizay.<\/p>\n<p>L\u2019admission est prononc\u00e9e par la Commission d\u2019Admission, apr\u00e8s examen de la situation du futur r\u00e9sident.<\/p>\n<h3>Le dossier administratif comprend :<\/h3>\n<ul>\n<li>une copie du livret de famille et copie d\u2019une pi\u00e8ce d\u2019identit\u00e9,<\/li>\n<li>une copie de l\u2019attestation de la carte vitale ou de la MSA,<\/li>\n<li>une copie de la carte de la mutuelle compl\u00e9mentaire, le cas \u00e9ch\u00e9ant,<\/li>\n<li>une copie de l\u2019avis d\u2019imposition ou de non imposition de l\u2019ann\u00e9e pr\u00e9c\u00e9dente,<\/li>\n<li>un certificat m\u00e9dical attestant du degr\u00e9 d\u2019autonomie de la personne et de la conformit\u00e9 de son \u00e9tat de sant\u00e9 avec les conditions d\u2019accueil de la Marpa,<\/li>\n<li>les copies des relev\u00e9s annuels des caisses de retraite,<\/li>\n<li>une copie de la mise sous tutelle ou curatelle le cas \u00e9ch\u00e9ant,<\/li>\n<li>une copie du plan d\u2019Aide Personnalis\u00e9 \u00e0 l\u2019Autonomie, le cas \u00e9ch\u00e9ant<\/li>\n<li>l\u2019attestation d\u2019assurance locative et de responsabilit\u00e9 civile<\/li>\n<\/ul>\n<p>Il est souhait\u00e9 que le r\u00e9sident et sa famille viennent pr\u00e9alablement visiter la structure et rencontrer ainsi les responsables. Ainsi, ils prendront connaissance du r\u00e8glement de fonctionnement qui est appliqu\u00e9 au sein de la MARPA.<\/p>\n<h2>Les logements<\/h2>\n<p>Les logements ont une superficie de 36 \u00e0 39 m2 pour les personnes seules et de 42 m2 pour les couples.<br>Chaque logement a un acc\u00e8s ext\u00e9rieur donnant sur une cour ou un jardinet.<\/p>\n<h3>Les appartements comprennent :<\/h3>\n<ul>\n<li>Une pi\u00e8ce principale chambre\/salon,<\/li>\n<li>Une kitchenette avec un r\u00e9frig\u00e9rateur et deux plaques de<\/li>\n<li>cuisson \u00e9lectriques,<\/li>\n<li>Une salle de bain avec douche de plain-pied et des toilettes adapt\u00e9es,<\/li>\n<li>Un d\u00e9barras,<\/li>\n<li>Une penderie,<\/li>\n<li>Une terrasse priv\u00e9e<\/li>\n<\/ul>\n<p>Les tarifs sont variables en fonction de la superficie des logements, ils sont r\u00e9vis\u00e9s tous les 1er juillet de chaque ann\u00e9e.<\/p>\n<h2>La restauration<\/h2>\n<p>Le personnel de la MARPA assure les d\u00e9jeuners et les d\u00eeners dans l\u2019espace de vie. Ce service est facultatif. Les r\u00e9sidents peuvent d\u00e9cider de se confectionner eux-m\u00eames leurs repas.<\/p>\n<h3>Les repas sont servis :<\/h3>\n<p>le d\u00e9jeuner \u00e0 12 h 00<br>le d\u00eener \u00e0 18 h 45<\/p>\n<p>Les menus sont vari\u00e9s et \u00e9quilibr\u00e9s. Les repas du midi se composent d\u2019une entr\u00e9e, d\u2019un plat principal, d\u2019un plateau de fromage et d\u2019un dessert, accompagn\u00e9s de vin et de caf\u00e9.<br>Les repas du soir sont plus l\u00e9gers, ils sont constitu\u00e9s d\u2019un potage, d\u2019un plat et d\u2019un dessert.<br>Les r\u00e9sidents ont la possibilit\u00e9 de recevoir leur famille ou amis lors des repas \u00e0 la MARPA (6 personnes maximum).<\/p>\n<h2>L\u2019animation<\/h2>\n<p>L\u2019animation \u00e0 la MARPA est un th\u00e8me qui tient \u00e0 c\u0153ur du personnel. C\u2019est pourquoi, la responsable et le personnel proposent diff\u00e9rentes activit\u00e9s et animations.<\/p>\n<h3>Les activit\u00e9s r\u00e9guli\u00e8res :<\/h3>\n<p>Jeux de cartes et jeux de soci\u00e9t\u00e9,<\/p>\n<p>Lotos,<\/p>\n<p>Bricolage,<\/p>\n<p>Sorties et promenades<\/p>\n<h3>Les rendez-vous annuels :<\/h3>\n<p>Tous les anniversaires sont f\u00eat\u00e9s, le r\u00e9sident choisit ce jour l\u00e0 son menu d\u2019anniversaire,<\/p>\n<p>Des repas \u00e0 th\u00e8me sont organis\u00e9s : repas de No\u00ebl, repas avec les familles\u2026<\/p>\n<p>Divers spectacles sont pr\u00e9sent\u00e9s : th\u00e9\u00e2tre, chorale, accord\u00e9on\u2026<\/p>\n<p>Animation-marpa<\/p>\n<h2>Le personnel<\/h2>\n<h3>Un personnel \u00e0 votre \u00e9coute<\/h3>\n<p>La MARPA est g\u00e9r\u00e9e par une responsable, aid\u00e9e d\u2019une adjointe, qui assurent le fonctionnement, la gestion et l\u2019organisation quotidienne de l\u2019\u00e9tablissement.<br>Quatre autres personnes garantissent aux r\u00e9sidents d\u00e9vouement et s\u00e9r\u00e9nit\u00e9.<\/p>\t\t\t\t\t<\/div>\n\t\t\t\t\t\t<\/div>\n\t\t\t\t<\/div>\n\t\t\t\t\t\t<\/div>\n\t\t\t\t\t<\/div>\n\t\t<\/div>\n\t\t\t\t\t\t\t\t<\/div>\n\t\t\t\t\t<\/div>\n\t\t<\/section>\n\t\t\t\t<section class=\"elementor-section elementor-top-section elementor-element elementor-element-6bea828 elementor-section-boxed elementor-section-height-default elementor-section-height-default\" data-id=\"6bea828\" data-element_type=\"section\">\n\t\t\t\t\t\t<div class=\"elementor-container elementor-column-gap-default\">\n\t\t\t\t\t\t\t<div class=\"elementor-row\">\n\t\t\t\t\t<div class=\"elementor-column elementor-col-100 elementor-top-column elementor-element elementor-element-cd5f28a\" data-id=\"cd5f28a\" data-element_type=\"column\" data-settings=\"{&quot;background_background&quot;:&quot;classic&quot;}\">\n\t\t\t<div class=\"elementor-column-wrap elementor-element-populated\">\n\t\t\t\t\t\t\t<div class=\"elementor-widget-wrap\">\n\t\t\t\t\t\t<div class=\"elementor-element elementor-element-828b6a4 elementor-widget elementor-widget-heading\" data-id=\"828b6a4\" data-element_type=\"widget\" data-widget_type=\"heading.default\">\n\t\t\t\t<div class=\"elementor-widget-container\">\n\t\t\t<h2 class=\"elementor-heading-title elementor-size-default\">Informations pratiques<\/h2>\t\t<\/div>\n\t\t\t\t<\/div>\n\t\t\t\t\t\t<\/div>\n\t\t\t\t\t<\/div>\n\t\t<\/div>\n\t\t\t\t\t\t\t\t<\/div>\n\t\t\t\t\t<\/div>\n\t\t<\/section>\n\t\t\t\t<section class=\"elementor-section elementor-top-section elementor-element elementor-element-176a741 elementor-section-boxed elementor-section-height-default elementor-section-height-default\" data-id=\"176a741\" data-element_type=\"section\" data-settings=\"{&quot;background_background&quot;:&quot;classic&quot;}\">\n\t\t\t\t\t\t<div class=\"elementor-container elementor-column-gap-default\">\n\t\t\t\t\t\t\t<div class=\"elementor-row\">\n\t\t\t\t\t<div class=\"elementor-column elementor-col-50 elementor-top-column elementor-element elementor-element-c4cb6e9\" data-id=\"c4cb6e9\" data-element_type=\"column\">\n\t\t\t<div class=\"elementor-column-wrap elementor-element-populated\">\n\t\t\t\t\t\t\t<div class=\"elementor-widget-wrap\">\n\t\t\t\t\t\t<div class=\"elementor-element elementor-element-2a604bf elementor-widget elementor-widget-text-editor\" data-id=\"2a604bf\" data-element_type=\"widget\" data-widget_type=\"text-editor.default\">\n\t\t\t\t<div class=\"elementor-widget-container\">\n\t\t\t\t\t\t\t\t<div class=\"elementor-text-editor elementor-clearfix\">\n\t\t\t\t\t<h3>Contact<\/h3><p>MARPA Les Hirondelles<br \/>28 place du champ de foire<br \/>36220 MARTIZAY<\/p><p>T\u00e9l : 02 54 39 37 51<\/p><p>Mail : <a href=\"mailto:marpa.martizay@gmail.com\">marpa.martizay@gmail.com<\/a><\/p><p>Site internet : <a href=\"https:\/\/www.marpa.fr\/residences-retraite\/les-hirondelles-martizay-36\/\">https:\/\/www.marpa.fr\/residences-retraite\/les-hirondelles-martizay-36\/<\/a><\/p>\t\t\t\t\t<\/div>\n\t\t\t\t\t\t<\/div>\n\t\t\t\t<\/div>\n\t\t\t\t\t\t<\/div>\n\t\t\t\t\t<\/div>\n\t\t<\/div>\n\t\t\t\t<div class=\"elementor-column elementor-col-50 elementor-top-column elementor-element elementor-element-34e279b\" data-id=\"34e279b\" data-element_type=\"column\">\n\t\t\t<div class=\"elementor-column-wrap elementor-element-populated\">\n\t\t\t\t\t\t\t<div class=\"elementor-widget-wrap\">\n\t\t\t\t\t\t<div class=\"elementor-element elementor-element-ef0be3e elementor-widget elementor-widget-text-editor\" data-id=\"ef0be3e\" data-element_type=\"widget\" data-widget_type=\"text-editor.default\">\n\t\t\t\t<div class=\"elementor-widget-container\">\n\t\t\t\t\t\t\t\t<div class=\"elementor-text-editor elementor-clearfix\">\n\t\t\t\t\t<h3>Tarifs<\/h3><p>Nouveaux Tarifs \u00e0 la MARPA<\/p>\t\t\t\t\t<\/div>\n\t\t\t\t\t\t<\/div>\n\t\t\t\t<\/div>\n\t\t\t\t\t\t<\/div>\n\t\t\t\t\t<\/div>\n\t\t<\/div>\n\t\t\t\t\t\t\t\t<\/div>\n\t\t\t\t\t<\/div>\n\t\t<\/section>\n\t\t\t\t\t\t<\/div>\n\t\t\t\t\t\t<\/div>\n\t\t\t\t\t<\/div>\n\t\t","protected":false},"excerpt":{"rendered":"<p>Pr\u00e9sentation La MARPA de Martizay a ouvert ses portes en 1996 et accueillait alors 12 r\u00e9sidents. C\u2019est dans l\u2019ancienne gendarmerie du village que fut construite cette premi\u00e8re partie de la maison d\u2019accueil.La deuxi\u00e8me partie de l\u2019\u00e9tablissement, construite en 2000, permit d\u2019accueillir 8 personnes suppl\u00e9mentaires. Situ\u00e9e au centre bourg de Martizay, \u00e0 c\u00f4t\u00e9 de la salle [&hellip;]<\/p>\n","protected":false},"author":1,"featured_media":1236,"parent":0,"menu_order":0,"comment_status":"closed","ping_status":"closed","template":"","meta":[],"yoast_head":"<!-- This site is optimized with the Yoast SEO plugin v18.3 - https:\/\/yoast.com\/wordpress\/plugins\/seo\/ -->\n<title>La Marpa - Martizay<\/title>\n<meta name=\"robots\" content=\"index, follow, max-snippet:-1, max-image-preview:large, max-video-preview:-1\" \/>\n<link rel=\"canonical\" href=\"https:\/\/martizay.fr\/index.php\/la-marpa\/\" \/>\n<meta property=\"og:locale\" content=\"fr_FR\" \/>\n<meta property=\"og:type\" content=\"article\" \/>\n<meta property=\"og:title\" content=\"La Marpa - Martizay\" \/>\n<meta property=\"og:description\" content=\"Pr\u00e9sentation La MARPA de Martizay a ouvert ses portes en 1996 et accueillait alors 12 r\u00e9sidents. C\u2019est dans l\u2019ancienne gendarmerie du village que fut construite cette premi\u00e8re partie de la maison d\u2019accueil.La deuxi\u00e8me partie de l\u2019\u00e9tablissement, construite en 2000, permit d\u2019accueillir 8 personnes suppl\u00e9mentaires. Situ\u00e9e au centre bourg de Martizay, \u00e0 c\u00f4t\u00e9 de la salle [&hellip;]\" \/>\n<meta property=\"og:url\" content=\"https:\/\/martizay.fr\/index.php\/la-marpa\/\" \/>\n<meta property=\"og:site_name\" content=\"Martizay\" \/>\n<meta property=\"article:modified_time\" content=\"2020-12-16T14:37:48+00:00\" \/>\n<meta property=\"og:image\" content=\"https:\/\/martizay.fr\/wp-content\/uploads\/2020\/12\/photo-1603129473525-4cd6f36fe057.jpg\" \/>\n\t<meta property=\"og:image:width\" content=\"1950\" \/>\n\t<meta property=\"og:image:height\" content=\"1300\" \/>\n\t<meta property=\"og:image:type\" content=\"image\/jpeg\" \/>\n<meta name=\"twitter:card\" content=\"summary_large_image\" \/>\n<meta name=\"twitter:label1\" content=\"Dur\u00e9e de lecture estim\u00e9e\" \/>\n\t<meta name=\"twitter:data1\" content=\"4 minutes\" \/>\n<script type=\"application\/ld+json\" class=\"yoast-schema-graph\">{\"@context\":\"https:\/\/schema.org\",\"@graph\":[{\"@type\":\"WebSite\",\"@id\":\"https:\/\/martizay.fr\/#website\",\"url\":\"https:\/\/martizay.fr\/\",\"name\":\"Martizay\",\"description\":\"Le site de la commune de Martizay\",\"potentialAction\":[{\"@type\":\"SearchAction\",\"target\":{\"@type\":\"EntryPoint\",\"urlTemplate\":\"https:\/\/martizay.fr\/?s={search_term_string}\"},\"query-input\":\"required name=search_term_string\"}],\"inLanguage\":\"fr-FR\"},{\"@type\":\"ImageObject\",\"@id\":\"https:\/\/martizay.fr\/index.php\/la-marpa\/#primaryimage\",\"inLanguage\":\"fr-FR\",\"url\":\"https:\/\/martizay.fr\/wp-content\/uploads\/2020\/12\/photo-1603129473525-4cd6f36fe057.jpg\",\"contentUrl\":\"https:\/\/martizay.fr\/wp-content\/uploads\/2020\/12\/photo-1603129473525-4cd6f36fe057.jpg\",\"width\":1950,\"height\":1300},{\"@type\":\"WebPage\",\"@id\":\"https:\/\/martizay.fr\/index.php\/la-marpa\/#webpage\",\"url\":\"https:\/\/martizay.fr\/index.php\/la-marpa\/\",\"name\":\"La Marpa - Martizay\",\"isPartOf\":{\"@id\":\"https:\/\/martizay.fr\/#website\"},\"primaryImageOfPage\":{\"@id\":\"https:\/\/martizay.fr\/index.php\/la-marpa\/#primaryimage\"},\"datePublished\":\"2020-11-16T14:40:48+00:00\",\"dateModified\":\"2020-12-16T14:37:48+00:00\",\"breadcrumb\":{\"@id\":\"https:\/\/martizay.fr\/index.php\/la-marpa\/#breadcrumb\"},\"inLanguage\":\"fr-FR\",\"potentialAction\":[{\"@type\":\"ReadAction\",\"target\":[\"https:\/\/martizay.fr\/index.php\/la-marpa\/\"]}]},{\"@type\":\"BreadcrumbList\",\"@id\":\"https:\/\/martizay.fr\/index.php\/la-marpa\/#breadcrumb\",\"itemListElement\":[{\"@type\":\"ListItem\",\"position\":1,\"name\":\"Accueil\",\"item\":\"https:\/\/martizay.fr\/\"},{\"@type\":\"ListItem\",\"position\":2,\"name\":\"La Marpa\"}]}]}<\/script>\n<!-- \/ Yoast SEO plugin. -->","yoast_head_json":{"title":"La Marpa - Martizay","robots":{"index":"index","follow":"follow","max-snippet":"max-snippet:-1","max-image-preview":"max-image-preview:large","max-video-preview":"max-video-preview:-1"},"canonical":"https:\/\/martizay.fr\/index.php\/la-marpa\/","og_locale":"fr_FR","og_type":"article","og_title":"La Marpa - Martizay","og_description":"Pr\u00e9sentation La MARPA de Martizay a ouvert ses portes en 1996 et accueillait alors 12 r\u00e9sidents. C\u2019est dans l\u2019ancienne gendarmerie du village que fut construite cette premi\u00e8re partie de la maison d\u2019accueil.La deuxi\u00e8me partie de l\u2019\u00e9tablissement, construite en 2000, permit d\u2019accueillir 8 personnes suppl\u00e9mentaires. Situ\u00e9e au centre bourg de Martizay, \u00e0 c\u00f4t\u00e9 de la salle [&hellip;]","og_url":"https:\/\/martizay.fr\/index.php\/la-marpa\/","og_site_name":"Martizay","article_modified_time":"2020-12-16T14:37:48+00:00","og_image":[{"width":1950,"height":1300,"url":"https:\/\/martizay.fr\/wp-content\/uploads\/2020\/12\/photo-1603129473525-4cd6f36fe057.jpg","type":"image\/jpeg"}],"twitter_card":"summary_large_image","twitter_misc":{"Dur\u00e9e de lecture estim\u00e9e":"4 minutes"},"schema":{"@context":"https:\/\/schema.org","@graph":[{"@type":"WebSite","@id":"https:\/\/martizay.fr\/#website","url":"https:\/\/martizay.fr\/","name":"Martizay","description":"Le site de la commune de Martizay","potentialAction":[{"@type":"SearchAction","target":{"@type":"EntryPoint","urlTemplate":"https:\/\/martizay.fr\/?s={search_term_string}"},"query-input":"required name=search_term_string"}],"inLanguage":"fr-FR"},{"@type":"ImageObject","@id":"https:\/\/martizay.fr\/index.php\/la-marpa\/#primaryimage","inLanguage":"fr-FR","url":"https:\/\/martizay.fr\/wp-content\/uploads\/2020\/12\/photo-1603129473525-4cd6f36fe057.jpg","contentUrl":"https:\/\/martizay.fr\/wp-content\/uploads\/2020\/12\/photo-1603129473525-4cd6f36fe057.jpg","width":1950,"height":1300},{"@type":"WebPage","@id":"https:\/\/martizay.fr\/index.php\/la-marpa\/#webpage","url":"https:\/\/martizay.fr\/index.php\/la-marpa\/","name":"La Marpa - Martizay","isPartOf":{"@id":"https:\/\/martizay.fr\/#website"},"primaryImageOfPage":{"@id":"https:\/\/martizay.fr\/index.php\/la-marpa\/#primaryimage"},"datePublished":"2020-11-16T14:40:48+00:00","dateModified":"2020-12-16T14:37:48+00:00","breadcrumb":{"@id":"https:\/\/martizay.fr\/index.php\/la-marpa\/#breadcrumb"},"inLanguage":"fr-FR","potentialAction":[{"@type":"ReadAction","target":["https:\/\/martizay.fr\/index.php\/la-marpa\/"]}]},{"@type":"BreadcrumbList","@id":"https:\/\/martizay.fr\/index.php\/la-marpa\/#breadcrumb","itemListElement":[{"@type":"ListItem","position":1,"name":"Accueil","item":"https:\/\/martizay.fr\/"},{"@type":"ListItem","position":2,"name":"La Marpa"}]}]}},"_links":{"self":[{"href":"https:\/\/martizay.fr\/index.php\/wp-json\/wp\/v2\/pages\/906"}],"collection":[{"href":"https:\/\/martizay.fr\/index.php\/wp-json\/wp\/v2\/pages"}],"about":[{"href":"https:\/\/martizay.fr\/index.php\/wp-json\/wp\/v2\/types\/page"}],"author":[{"embeddable":true,"href":"https:\/\/martizay.fr\/index.php\/wp-json\/wp\/v2\/users\/1"}],"replies":[{"embeddable":true,"href":"https:\/\/martizay.fr\/index.php\/wp-json\/wp\/v2\/comments?post=906"}],"version-history":[{"count":16,"href":"https:\/\/martizay.fr\/index.php\/wp-json\/wp\/v2\/pages\/906\/revisions"}],"predecessor-version":[{"id":1605,"href":"https:\/\/martizay.fr\/index.php\/wp-json\/wp\/v2\/pages\/906\/revisions\/1605"}],"wp:featuredmedia":[{"embeddable":true,"href":"https:\/\/martizay.fr\/index.php\/wp-json\/wp\/v2\/media\/1236"}],"wp:attachment":[{"href":"https:\/\/martizay.fr\/index.php\/wp-json\/wp\/v2\/media?parent=906"}],"curies":[{"name":"wp","href":"https:\/\/api.w.org\/{rel}","templated":true}]}}