{"id":929,"date":"2020-11-16T15:45:12","date_gmt":"2020-11-16T14:45:12","guid":{"rendered":"https:\/\/martizay.fr\/?page_id=929"},"modified":"2021-01-19T15:25:41","modified_gmt":"2021-01-19T14:25:41","slug":"les-dechets","status":"publish","type":"page","link":"https:\/\/martizay.fr\/index.php\/les-dechets\/","title":{"rendered":"Les d\u00e9chets"},"content":{"rendered":"\t\t<div data-elementor-type=\"wp-page\" data-elementor-id=\"929\" class=\"elementor elementor-929\" data-elementor-settings=\"[]\">\n\t\t\t\t\t\t<div class=\"elementor-inner\">\n\t\t\t\t\t\t\t<div class=\"elementor-section-wrap\">\n\t\t\t\t\t\t\t<section class=\"elementor-section elementor-top-section elementor-element elementor-element-86a2f7b elementor-section-boxed elementor-section-height-default elementor-section-height-default\" data-id=\"86a2f7b\" data-element_type=\"section\">\n\t\t\t\t\t\t<div class=\"elementor-container elementor-column-gap-default\">\n\t\t\t\t\t\t\t<div class=\"elementor-row\">\n\t\t\t\t\t<div class=\"elementor-column elementor-col-100 elementor-top-column elementor-element elementor-element-c06155a\" data-id=\"c06155a\" data-element_type=\"column\">\n\t\t\t<div class=\"elementor-column-wrap elementor-element-populated\">\n\t\t\t\t\t\t\t<div class=\"elementor-widget-wrap\">\n\t\t\t\t\t\t<div class=\"elementor-element elementor-element-45f3240 elementor-widget elementor-widget-text-editor\" data-id=\"45f3240\" data-element_type=\"widget\" data-widget_type=\"text-editor.default\">\n\t\t\t\t<div class=\"elementor-widget-container\">\n\t\t\t\t\t\t\t\t<div class=\"elementor-text-editor elementor-clearfix\">\n\t\t\t\t\t<h2>Points de collecte (dont collecte s\u00e9lective)<\/h2>\n<h3>Parking Monticello, Stade, rue des Anciens d&rsquo;AFN\/aire de loisirs, la Perrotterie<\/h3>\n<p>&nbsp;l&rsquo;Allemanderie, Chambon,&nbsp;<span style=\"color: var( --e-global-color-text ); font-size: 1rem;\">Lejonc, S\u00e9rigny, Notz l\u2019Abb\u00e9, La MARPA, rue de Rochevreux, Les Joublini\u00e8res, les Bergereaux, Chateau de Tourneau, P\u00e9pini\u00e9re Maillet, rte de Saint Michel, route de Laloeuf<\/span><\/p>\n<h2>Jour de collecte<\/h2>\n<h3>Le jour de collecte des ordures \u00e0 Martizay est le mardi. Les sacs noirs et jaunes sont ramass\u00e9s.<\/h3>\n<p>Les sacs jaunes ( pour la collecte des emballages recyclables) sont fournis par la collectivit\u00e9, ils sont disponibles \u00e0 la mairie.<\/p>\n<h3>Collecte s\u00e9lective : le verre, les journaux, revues et magazines<\/h3>\n<p>Leur collecte a lieu une fois tous les 15 jours.<\/p>\n<h2>La d\u00e9chetterie<\/h2>\n<p>Chemin Chaume \u00e0 rate<br><span style=\"color: var( --e-global-color-text ); font-size: 1rem;\">36290 Saint-Michel-en-Brenne<\/span><\/p>\n<p><span style=\"color: var( --e-global-color-text ); font-size: 1rem;\">T\u00e9l\u00e9phone : 02 54 38 11 03<\/span><\/p>\t\t\t\t\t<\/div>\n\t\t\t\t\t\t<\/div>\n\t\t\t\t<\/div>\n\t\t\t\t<section class=\"elementor-section elementor-inner-section elementor-element elementor-element-ff4f1e5 elementor-section-boxed elementor-section-height-default elementor-section-height-default\" data-id=\"ff4f1e5\" data-element_type=\"section\" data-settings=\"{&quot;background_background&quot;:&quot;classic&quot;}\">\n\t\t\t\t\t\t<div class=\"elementor-container elementor-column-gap-default\">\n\t\t\t\t\t\t\t<div class=\"elementor-row\">\n\t\t\t\t\t<div class=\"elementor-column elementor-col-100 elementor-inner-column elementor-element elementor-element-5c7309f\" data-id=\"5c7309f\" data-element_type=\"column\">\n\t\t\t<div class=\"elementor-column-wrap elementor-element-populated\">\n\t\t\t\t\t\t\t<div class=\"elementor-widget-wrap\">\n\t\t\t\t\t\t<div class=\"elementor-element elementor-element-3102f92 elementor-widget elementor-widget-text-editor\" data-id=\"3102f92\" data-element_type=\"widget\" data-widget_type=\"text-editor.default\">\n\t\t\t\t<div class=\"elementor-widget-container\">\n\t\t\t\t\t\t\t\t<div class=\"elementor-text-editor elementor-clearfix\">\n\t\t\t\t\t<h3>Horaires d\u2019ouverture<\/h3><p><strong>Du 1er mars au 31 octobre :\u00a0<\/strong><\/p><p style=\"margin-right: 0px; margin-bottom: 15px; margin-left: 0px; padding: 0px; text-align: justify;\">Lundi :\u00a0<span style=\"background-color: var( --e-global-color-669fa30 ); color: var( --e-global-color-text ); font-size: 1rem;\">9h00 \u00e0 12h00 &#8211; 14h00 \u00e0 18h00<br \/><\/span>Jeudi : 9h00 \u00e0 12h00<br \/>Vendredi : 14h00 \u00e0 18h00<br \/>Samedi : 9h00 \u00e0 12h00 &#8211; 14h00 \u00e0 18h00<\/p><p><strong>Du 1er novembre au 28 f\u00e9vrier :<\/strong><\/p><p>Lundi : 9h00 \u00e0 12h00 &#8211; 14h00 \u00e0 17h00<br \/>Jeudi : 9h00 \u00e0 12h00<br \/>Vendredi : 14h00 \u00e0 17h00<br \/>Samedi : 9h00 \u00e0 12h00 &#8211; 14h00 \u00e0 17h00<\/p>\t\t\t\t\t<\/div>\n\t\t\t\t\t\t<\/div>\n\t\t\t\t<\/div>\n\t\t\t\t\t\t<\/div>\n\t\t\t\t\t<\/div>\n\t\t<\/div>\n\t\t\t\t\t\t\t\t<\/div>\n\t\t\t\t\t<\/div>\n\t\t<\/section>\n\t\t\t\t\t\t<\/div>\n\t\t\t\t\t<\/div>\n\t\t<\/div>\n\t\t\t\t\t\t\t\t<\/div>\n\t\t\t\t\t<\/div>\n\t\t<\/section>\n\t\t\t\t<section class=\"elementor-section elementor-top-section elementor-element elementor-element-4ec1c6f elementor-section-boxed elementor-section-height-default elementor-section-height-default\" data-id=\"4ec1c6f\" data-element_type=\"section\">\n\t\t\t\t\t\t<div class=\"elementor-container elementor-column-gap-default\">\n\t\t\t\t\t\t\t<div class=\"elementor-row\">\n\t\t\t\t\t<div class=\"elementor-column elementor-col-100 elementor-top-column elementor-element elementor-element-e835231\" data-id=\"e835231\" data-element_type=\"column\">\n\t\t\t<div class=\"elementor-column-wrap\">\n\t\t\t\t\t\t\t<div class=\"elementor-widget-wrap\">\n\t\t\t\t\t\t\t\t<\/div>\n\t\t\t\t\t<\/div>\n\t\t<\/div>\n\t\t\t\t\t\t\t\t<\/div>\n\t\t\t\t\t<\/div>\n\t\t<\/section>\n\t\t\t\t\t\t<\/div>\n\t\t\t\t\t\t<\/div>\n\t\t\t\t\t<\/div>\n\t\t","protected":false},"excerpt":{"rendered":"<p>Points de collecte (dont collecte s\u00e9lective) Parking Monticello, Stade, rue des Anciens d&rsquo;AFN\/aire de loisirs, la Perrotterie &nbsp;l&rsquo;Allemanderie, Chambon,&nbsp;Lejonc, S\u00e9rigny, Notz l\u2019Abb\u00e9, La MARPA, rue de Rochevreux, Les Joublini\u00e8res, les Bergereaux, Chateau de Tourneau, P\u00e9pini\u00e9re Maillet, rte de Saint Michel, route de Laloeuf Jour de collecte Le jour de collecte des ordures \u00e0 Martizay est [&hellip;]<\/p>\n","protected":false},"author":1,"featured_media":1464,"parent":0,"menu_order":0,"comment_status":"closed","ping_status":"closed","template":"","meta":[],"yoast_head":"<!-- This site is optimized with the Yoast SEO plugin v18.3 - https:\/\/yoast.com\/wordpress\/plugins\/seo\/ -->\n<title>Les d\u00e9chets - Martizay<\/title>\n<meta name=\"robots\" content=\"index, follow, max-snippet:-1, max-image-preview:large, max-video-preview:-1\" \/>\n<link rel=\"canonical\" href=\"https:\/\/martizay.fr\/index.php\/les-dechets\/\" \/>\n<meta property=\"og:locale\" content=\"fr_FR\" \/>\n<meta property=\"og:type\" content=\"article\" \/>\n<meta property=\"og:title\" content=\"Les d\u00e9chets - Martizay\" \/>\n<meta property=\"og:description\" content=\"Points de collecte (dont collecte s\u00e9lective) Parking Monticello, Stade, rue des Anciens d&rsquo;AFN\/aire de loisirs, la Perrotterie &nbsp;l&rsquo;Allemanderie, Chambon,&nbsp;Lejonc, S\u00e9rigny, Notz l\u2019Abb\u00e9, La MARPA, rue de Rochevreux, Les Joublini\u00e8res, les Bergereaux, Chateau de Tourneau, P\u00e9pini\u00e9re Maillet, rte de Saint Michel, route de Laloeuf Jour de collecte Le jour de collecte des ordures \u00e0 Martizay est [&hellip;]\" \/>\n<meta property=\"og:url\" content=\"https:\/\/martizay.fr\/index.php\/les-dechets\/\" \/>\n<meta property=\"og:site_name\" content=\"Martizay\" \/>\n<meta property=\"article:modified_time\" content=\"2021-01-19T14:25:41+00:00\" \/>\n<meta property=\"og:image\" content=\"https:\/\/martizay.fr\/wp-content\/uploads\/2020\/12\/photo-1516992654410-9309d4587e94.jpg\" \/>\n\t<meta property=\"og:image:width\" content=\"1950\" \/>\n\t<meta property=\"og:image:height\" content=\"1300\" \/>\n\t<meta property=\"og:image:type\" content=\"image\/jpeg\" \/>\n<meta name=\"twitter:card\" content=\"summary_large_image\" \/>\n<meta name=\"twitter:label1\" content=\"Dur\u00e9e de lecture estim\u00e9e\" \/>\n\t<meta name=\"twitter:data1\" content=\"1 minute\" \/>\n<script type=\"application\/ld+json\" class=\"yoast-schema-graph\">{\"@context\":\"https:\/\/schema.org\",\"@graph\":[{\"@type\":\"WebSite\",\"@id\":\"https:\/\/martizay.fr\/#website\",\"url\":\"https:\/\/martizay.fr\/\",\"name\":\"Martizay\",\"description\":\"Le site de la commune de Martizay\",\"potentialAction\":[{\"@type\":\"SearchAction\",\"target\":{\"@type\":\"EntryPoint\",\"urlTemplate\":\"https:\/\/martizay.fr\/?s={search_term_string}\"},\"query-input\":\"required name=search_term_string\"}],\"inLanguage\":\"fr-FR\"},{\"@type\":\"ImageObject\",\"@id\":\"https:\/\/martizay.fr\/index.php\/les-dechets\/#primaryimage\",\"inLanguage\":\"fr-FR\",\"url\":\"https:\/\/martizay.fr\/wp-content\/uploads\/2020\/12\/photo-1516992654410-9309d4587e94.jpg\",\"contentUrl\":\"https:\/\/martizay.fr\/wp-content\/uploads\/2020\/12\/photo-1516992654410-9309d4587e94.jpg\",\"width\":1950,\"height\":1300},{\"@type\":\"WebPage\",\"@id\":\"https:\/\/martizay.fr\/index.php\/les-dechets\/#webpage\",\"url\":\"https:\/\/martizay.fr\/index.php\/les-dechets\/\",\"name\":\"Les d\u00e9chets - Martizay\",\"isPartOf\":{\"@id\":\"https:\/\/martizay.fr\/#website\"},\"primaryImageOfPage\":{\"@id\":\"https:\/\/martizay.fr\/index.php\/les-dechets\/#primaryimage\"},\"datePublished\":\"2020-11-16T14:45:12+00:00\",\"dateModified\":\"2021-01-19T14:25:41+00:00\",\"breadcrumb\":{\"@id\":\"https:\/\/martizay.fr\/index.php\/les-dechets\/#breadcrumb\"},\"inLanguage\":\"fr-FR\",\"potentialAction\":[{\"@type\":\"ReadAction\",\"target\":[\"https:\/\/martizay.fr\/index.php\/les-dechets\/\"]}]},{\"@type\":\"BreadcrumbList\",\"@id\":\"https:\/\/martizay.fr\/index.php\/les-dechets\/#breadcrumb\",\"itemListElement\":[{\"@type\":\"ListItem\",\"position\":1,\"name\":\"Accueil\",\"item\":\"https:\/\/martizay.fr\/\"},{\"@type\":\"ListItem\",\"position\":2,\"name\":\"Les d\u00e9chets\"}]}]}<\/script>\n<!-- \/ Yoast SEO plugin. -->","yoast_head_json":{"title":"Les d\u00e9chets - Martizay","robots":{"index":"index","follow":"follow","max-snippet":"max-snippet:-1","max-image-preview":"max-image-preview:large","max-video-preview":"max-video-preview:-1"},"canonical":"https:\/\/martizay.fr\/index.php\/les-dechets\/","og_locale":"fr_FR","og_type":"article","og_title":"Les d\u00e9chets - Martizay","og_description":"Points de collecte (dont collecte s\u00e9lective) Parking Monticello, Stade, rue des Anciens d&rsquo;AFN\/aire de loisirs, la Perrotterie &nbsp;l&rsquo;Allemanderie, Chambon,&nbsp;Lejonc, S\u00e9rigny, Notz l\u2019Abb\u00e9, La MARPA, rue de Rochevreux, Les Joublini\u00e8res, les Bergereaux, Chateau de Tourneau, P\u00e9pini\u00e9re Maillet, rte de Saint Michel, route de Laloeuf Jour de collecte Le jour de collecte des ordures \u00e0 Martizay est [&hellip;]","og_url":"https:\/\/martizay.fr\/index.php\/les-dechets\/","og_site_name":"Martizay","article_modified_time":"2021-01-19T14:25:41+00:00","og_image":[{"width":1950,"height":1300,"url":"https:\/\/martizay.fr\/wp-content\/uploads\/2020\/12\/photo-1516992654410-9309d4587e94.jpg","type":"image\/jpeg"}],"twitter_card":"summary_large_image","twitter_misc":{"Dur\u00e9e de lecture estim\u00e9e":"1 minute"},"schema":{"@context":"https:\/\/schema.org","@graph":[{"@type":"WebSite","@id":"https:\/\/martizay.fr\/#website","url":"https:\/\/martizay.fr\/","name":"Martizay","description":"Le site de la commune de Martizay","potentialAction":[{"@type":"SearchAction","target":{"@type":"EntryPoint","urlTemplate":"https:\/\/martizay.fr\/?s={search_term_string}"},"query-input":"required name=search_term_string"}],"inLanguage":"fr-FR"},{"@type":"ImageObject","@id":"https:\/\/martizay.fr\/index.php\/les-dechets\/#primaryimage","inLanguage":"fr-FR","url":"https:\/\/martizay.fr\/wp-content\/uploads\/2020\/12\/photo-1516992654410-9309d4587e94.jpg","contentUrl":"https:\/\/martizay.fr\/wp-content\/uploads\/2020\/12\/photo-1516992654410-9309d4587e94.jpg","width":1950,"height":1300},{"@type":"WebPage","@id":"https:\/\/martizay.fr\/index.php\/les-dechets\/#webpage","url":"https:\/\/martizay.fr\/index.php\/les-dechets\/","name":"Les d\u00e9chets - Martizay","isPartOf":{"@id":"https:\/\/martizay.fr\/#website"},"primaryImageOfPage":{"@id":"https:\/\/martizay.fr\/index.php\/les-dechets\/#primaryimage"},"datePublished":"2020-11-16T14:45:12+00:00","dateModified":"2021-01-19T14:25:41+00:00","breadcrumb":{"@id":"https:\/\/martizay.fr\/index.php\/les-dechets\/#breadcrumb"},"inLanguage":"fr-FR","potentialAction":[{"@type":"ReadAction","target":["https:\/\/martizay.fr\/index.php\/les-dechets\/"]}]},{"@type":"BreadcrumbList","@id":"https:\/\/martizay.fr\/index.php\/les-dechets\/#breadcrumb","itemListElement":[{"@type":"ListItem","position":1,"name":"Accueil","item":"https:\/\/martizay.fr\/"},{"@type":"ListItem","position":2,"name":"Les d\u00e9chets"}]}]}},"_links":{"self":[{"href":"https:\/\/martizay.fr\/index.php\/wp-json\/wp\/v2\/pages\/929"}],"collection":[{"href":"https:\/\/martizay.fr\/index.php\/wp-json\/wp\/v2\/pages"}],"about":[{"href":"https:\/\/martizay.fr\/index.php\/wp-json\/wp\/v2\/types\/page"}],"author":[{"embeddable":true,"href":"https:\/\/martizay.fr\/index.php\/wp-json\/wp\/v2\/users\/1"}],"replies":[{"embeddable":true,"href":"https:\/\/martizay.fr\/index.php\/wp-json\/wp\/v2\/comments?post=929"}],"version-history":[{"count":16,"href":"https:\/\/martizay.fr\/index.php\/wp-json\/wp\/v2\/pages\/929\/revisions"}],"predecessor-version":[{"id":2029,"href":"https:\/\/martizay.fr\/index.php\/wp-json\/wp\/v2\/pages\/929\/revisions\/2029"}],"wp:featuredmedia":[{"embeddable":true,"href":"https:\/\/martizay.fr\/index.php\/wp-json\/wp\/v2\/media\/1464"}],"wp:attachment":[{"href":"https:\/\/martizay.fr\/index.php\/wp-json\/wp\/v2\/media?parent=929"}],"curies":[{"name":"wp","href":"https:\/\/api.w.org\/{rel}","templated":true}]}}