{"id":944,"date":"2020-11-16T15:47:17","date_gmt":"2020-11-16T14:47:17","guid":{"rendered":"https:\/\/martizay.fr\/?page_id=944"},"modified":"2025-12-17T09:51:31","modified_gmt":"2025-12-17T08:51:31","slug":"hebergements","status":"publish","type":"page","link":"https:\/\/martizay.fr\/index.php\/hebergements\/","title":{"rendered":"H\u00e9bergements"},"content":{"rendered":"\t\t<div data-elementor-type=\"wp-page\" data-elementor-id=\"944\" class=\"elementor elementor-944\" data-elementor-settings=\"[]\">\n\t\t\t\t\t\t<div class=\"elementor-inner\">\n\t\t\t\t\t\t\t<div class=\"elementor-section-wrap\">\n\t\t\t\t\t\t\t<section class=\"elementor-section elementor-top-section elementor-element elementor-element-7063322 elementor-section-boxed elementor-section-height-default elementor-section-height-default\" data-id=\"7063322\" data-element_type=\"section\">\n\t\t\t\t\t\t<div class=\"elementor-container elementor-column-gap-default\">\n\t\t\t\t\t\t\t<div class=\"elementor-row\">\n\t\t\t\t\t<div class=\"elementor-column elementor-col-100 elementor-top-column elementor-element elementor-element-3a611ae\" data-id=\"3a611ae\" data-element_type=\"column\">\n\t\t\t<div class=\"elementor-column-wrap elementor-element-populated\">\n\t\t\t\t\t\t\t<div class=\"elementor-widget-wrap\">\n\t\t\t\t\t\t<div class=\"elementor-element elementor-element-3f7ffe7 elementor-widget elementor-widget-heading\" data-id=\"3f7ffe7\" data-element_type=\"widget\" data-widget_type=\"heading.default\">\n\t\t\t\t<div class=\"elementor-widget-container\">\n\t\t\t<h2 class=\"elementor-heading-title elementor-size-default\">H\u00f4tel - Au Bosquet fleuri<\/h2>\t\t<\/div>\n\t\t\t\t<\/div>\n\t\t\t\t\t\t<\/div>\n\t\t\t\t\t<\/div>\n\t\t<\/div>\n\t\t\t\t\t\t\t\t<\/div>\n\t\t\t\t\t<\/div>\n\t\t<\/section>\n\t\t\t\t<section class=\"elementor-section elementor-top-section elementor-element elementor-element-d98ba22 elementor-section-boxed elementor-section-height-default elementor-section-height-default\" data-id=\"d98ba22\" data-element_type=\"section\" data-settings=\"{&quot;background_background&quot;:&quot;classic&quot;}\">\n\t\t\t\t\t\t<div class=\"elementor-container elementor-column-gap-default\">\n\t\t\t\t\t\t\t<div class=\"elementor-row\">\n\t\t\t\t\t<div class=\"elementor-column elementor-col-33 elementor-top-column elementor-element elementor-element-4646000\" data-id=\"4646000\" data-element_type=\"column\">\n\t\t\t<div class=\"elementor-column-wrap elementor-element-populated\">\n\t\t\t\t\t\t\t<div class=\"elementor-widget-wrap\">\n\t\t\t\t\t\t<div class=\"elementor-element elementor-element-3fc050d elementor-widget elementor-widget-image\" data-id=\"3fc050d\" data-element_type=\"widget\" data-widget_type=\"image.default\">\n\t\t\t\t<div class=\"elementor-widget-container\">\n\t\t\t\t\t\t\t\t<div class=\"elementor-image\">\n\t\t\t\t\t\t\t\t\t\t\t\t<img width=\"800\" height=\"600\" src=\"https:\/\/martizay.fr\/wp-content\/uploads\/2020\/12\/hotel_modifie5803-1024x768.jpg\" class=\"attachment-large size-large\" alt=\"\" loading=\"lazy\" srcset=\"https:\/\/martizay.fr\/wp-content\/uploads\/2020\/12\/hotel_modifie5803-1024x768.jpg 1024w, https:\/\/martizay.fr\/wp-content\/uploads\/2020\/12\/hotel_modifie5803-300x225.jpg 300w, https:\/\/martizay.fr\/wp-content\/uploads\/2020\/12\/hotel_modifie5803-768x576.jpg 768w, https:\/\/martizay.fr\/wp-content\/uploads\/2020\/12\/hotel_modifie5803-1536x1152.jpg 1536w, https:\/\/martizay.fr\/wp-content\/uploads\/2020\/12\/hotel_modifie5803-2048x1536.jpg 2048w\" sizes=\"(max-width: 800px) 100vw, 800px\" \/>\t\t\t\t\t\t\t\t\t\t\t\t\t\t<\/div>\n\t\t\t\t\t\t<\/div>\n\t\t\t\t<\/div>\n\t\t\t\t\t\t<\/div>\n\t\t\t\t\t<\/div>\n\t\t<\/div>\n\t\t\t\t<div class=\"elementor-column elementor-col-33 elementor-top-column elementor-element elementor-element-1d151e0\" data-id=\"1d151e0\" data-element_type=\"column\">\n\t\t\t<div class=\"elementor-column-wrap elementor-element-populated\">\n\t\t\t\t\t\t\t<div class=\"elementor-widget-wrap\">\n\t\t\t\t\t\t<div class=\"elementor-element elementor-element-5c3a373 elementor-widget elementor-widget-text-editor\" data-id=\"5c3a373\" data-element_type=\"widget\" data-widget_type=\"text-editor.default\">\n\t\t\t\t<div class=\"elementor-widget-container\">\n\t\t\t\t\t\t\t\t<div class=\"elementor-text-editor elementor-clearfix\">\n\t\t\t\t\t<h3>Adresse<\/h3><p>1, rue de l\u2019Europe<br \/>36220 MARTIZAY<br \/><br \/>T\u00e9l : 02 54 28 60 09 \/ 06 40 71 01 00<br \/>Site internet : <a href=\"http:\/\/www.aubosquetfleuri.fr\/\">www.aubosquetfleuri.fr<\/a><\/p>\t\t\t\t\t<\/div>\n\t\t\t\t\t\t<\/div>\n\t\t\t\t<\/div>\n\t\t\t\t\t\t<\/div>\n\t\t\t\t\t<\/div>\n\t\t<\/div>\n\t\t\t\t<div class=\"elementor-column elementor-col-33 elementor-top-column elementor-element elementor-element-3371aa2\" data-id=\"3371aa2\" data-element_type=\"column\">\n\t\t\t<div class=\"elementor-column-wrap elementor-element-populated\">\n\t\t\t\t\t\t\t<div class=\"elementor-widget-wrap\">\n\t\t\t\t\t\t<div class=\"elementor-element elementor-element-670adef elementor-widget elementor-widget-text-editor\" data-id=\"670adef\" data-element_type=\"widget\" data-widget_type=\"text-editor.default\">\n\t\t\t\t<div class=\"elementor-widget-container\">\n\t\t\t\t\t\t\t\t<div class=\"elementor-text-editor elementor-clearfix\">\n\t\t\t\t\t<h3>Horaires d\u2019ouverture<\/h3><p>Ouvert toute l\u2019ann\u00e9e 7j\/7<\/p>\t\t\t\t\t<\/div>\n\t\t\t\t\t\t<\/div>\n\t\t\t\t<\/div>\n\t\t\t\t\t\t<\/div>\n\t\t\t\t\t<\/div>\n\t\t<\/div>\n\t\t\t\t\t\t\t\t<\/div>\n\t\t\t\t\t<\/div>\n\t\t<\/section>\n\t\t\t\t<section class=\"elementor-section elementor-top-section elementor-element elementor-element-bd159c7 elementor-section-boxed elementor-section-height-default elementor-section-height-default\" data-id=\"bd159c7\" data-element_type=\"section\">\n\t\t\t\t\t\t<div class=\"elementor-container elementor-column-gap-default\">\n\t\t\t\t\t\t\t<div class=\"elementor-row\">\n\t\t\t\t\t<div class=\"elementor-column elementor-col-100 elementor-top-column elementor-element elementor-element-a9d219b\" data-id=\"a9d219b\" data-element_type=\"column\">\n\t\t\t<div class=\"elementor-column-wrap elementor-element-populated\">\n\t\t\t\t\t\t\t<div class=\"elementor-widget-wrap\">\n\t\t\t\t\t\t<div class=\"elementor-element elementor-element-e3d291e elementor-widget elementor-widget-text-editor\" data-id=\"e3d291e\" data-element_type=\"widget\" data-widget_type=\"text-editor.default\">\n\t\t\t\t<div class=\"elementor-widget-container\">\n\t\t\t\t\t\t\t\t<div class=\"elementor-text-editor elementor-clearfix\">\n\t\t\t\t\t<h2>G\u00eetes Ruraux et H\u00e9bergements<\/h2><h3>M. et Mme ROBIN Jean et Jeanine<\/h3><p>29, rue de Verdun<br \/>36 220 MARTIZAY<br \/>T\u00e9l :\u00a0 06 41 84 58 79<\/p><h3>GUINAULT Imbert<\/h3><p>41 rue de Lejonc<br \/>36220 MARTIZAY<br \/>T\u00e9l : 02 54 28 06 00 ou 06 29 46 08 90<\/p>\t\t\t\t\t<\/div>\n\t\t\t\t\t\t<\/div>\n\t\t\t\t<\/div>\n\t\t\t\t\t\t<\/div>\n\t\t\t\t\t<\/div>\n\t\t<\/div>\n\t\t\t\t\t\t\t\t<\/div>\n\t\t\t\t\t<\/div>\n\t\t<\/section>\n\t\t\t\t<section class=\"elementor-section elementor-top-section elementor-element elementor-element-5ecd0e8 elementor-section-boxed elementor-section-height-default elementor-section-height-default\" data-id=\"5ecd0e8\" data-element_type=\"section\">\n\t\t\t\t\t\t<div class=\"elementor-container elementor-column-gap-default\">\n\t\t\t\t\t\t\t<div class=\"elementor-row\">\n\t\t\t\t\t<div class=\"elementor-column elementor-col-100 elementor-top-column elementor-element elementor-element-38c2855\" data-id=\"38c2855\" data-element_type=\"column\">\n\t\t\t<div class=\"elementor-column-wrap elementor-element-populated\">\n\t\t\t\t\t\t\t<div class=\"elementor-widget-wrap\">\n\t\t\t\t\t\t<div class=\"elementor-element elementor-element-357b10c elementor-widget elementor-widget-text-editor\" data-id=\"357b10c\" data-element_type=\"widget\" data-widget_type=\"text-editor.default\">\n\t\t\t\t<div class=\"elementor-widget-container\">\n\t\t\t\t\t\t\t\t<div class=\"elementor-text-editor elementor-clearfix\">\n\t\t\t\t\t<h3><span style=\"font-size: 16px;\">M et Mme BERGEAULT <\/span>Armelle et Vincent<\/h3>\n<p>12 place de l&rsquo;\u00e9glise<br>36220 MARTIZAY<br>T\u00e9l : 07 78 19 61 93 &#8211;&nbsp;<a href=\"https:\/\/www.airbnb.fr\/\">https:\/\/www.airbnb.fr\/<\/a><\/p>\n<p><\/p>\n<h3>M et Mme DUBUC<\/h3>\n<p>6, la Beaumerie<\/p>\n<p>36220 MARTIZAY<\/p>\n<p>T\u00e9l : 06 07 84 70 12<\/p>\n<p><\/p>\n<h3>M et Mme ZACHARIE Esteban<\/h3>\n<p>7, les Joublini\u00e8res<\/p>\n<p>36220 MARTIZAY<\/p>\n<p>T\u00e9l : 06 75 76 05 25<\/p>\t\t\t\t\t<\/div>\n\t\t\t\t\t\t<\/div>\n\t\t\t\t<\/div>\n\t\t\t\t\t\t<\/div>\n\t\t\t\t\t<\/div>\n\t\t<\/div>\n\t\t\t\t\t\t\t\t<\/div>\n\t\t\t\t\t<\/div>\n\t\t<\/section>\n\t\t\t\t<section class=\"elementor-section elementor-top-section elementor-element elementor-element-cb1b3bc elementor-section-boxed elementor-section-height-default elementor-section-height-default\" data-id=\"cb1b3bc\" data-element_type=\"section\">\n\t\t\t\t\t\t<div class=\"elementor-container elementor-column-gap-default\">\n\t\t\t\t\t\t\t<div class=\"elementor-row\">\n\t\t\t\t\t<div class=\"elementor-column elementor-col-100 elementor-top-column elementor-element elementor-element-5f06714\" data-id=\"5f06714\" data-element_type=\"column\">\n\t\t\t<div class=\"elementor-column-wrap elementor-element-populated\">\n\t\t\t\t\t\t\t<div class=\"elementor-widget-wrap\">\n\t\t\t\t\t\t<div class=\"elementor-element elementor-element-159a51d elementor-widget elementor-widget-text-editor\" data-id=\"159a51d\" data-element_type=\"widget\" data-widget_type=\"text-editor.default\">\n\t\t\t\t<div class=\"elementor-widget-container\">\n\t\t\t\t\t\t\t\t<div class=\"elementor-text-editor elementor-clearfix\">\n\t\t\t\t\t<h3>Coup de Coeur en Brenne &#8211; Chambres d&rsquo;h\u00f4tes Martizay<\/h3>\n<p>7 rue de Verdun&nbsp;<br>36220 MARTIZAY<br>T\u00e9l : 07 65 54 09 75<\/p>\t\t\t\t\t<\/div>\n\t\t\t\t\t\t<\/div>\n\t\t\t\t<\/div>\n\t\t\t\t\t\t<\/div>\n\t\t\t\t\t<\/div>\n\t\t<\/div>\n\t\t\t\t\t\t\t\t<\/div>\n\t\t\t\t\t<\/div>\n\t\t<\/section>\n\t\t\t\t<section class=\"elementor-section elementor-top-section elementor-element elementor-element-914a798 elementor-section-boxed elementor-section-height-default elementor-section-height-default\" data-id=\"914a798\" data-element_type=\"section\">\n\t\t\t\t\t\t<div class=\"elementor-container elementor-column-gap-default\">\n\t\t\t\t\t\t\t<div class=\"elementor-row\">\n\t\t\t\t\t<div class=\"elementor-column elementor-col-100 elementor-top-column elementor-element elementor-element-16cc2e3\" data-id=\"16cc2e3\" data-element_type=\"column\">\n\t\t\t<div class=\"elementor-column-wrap elementor-element-populated\">\n\t\t\t\t\t\t\t<div class=\"elementor-widget-wrap\">\n\t\t\t\t\t\t<div class=\"elementor-element elementor-element-40b539c elementor-widget elementor-widget-heading\" data-id=\"40b539c\" data-element_type=\"widget\" data-widget_type=\"heading.default\">\n\t\t\t\t<div class=\"elementor-widget-container\">\n\t\t\t<h2 class=\"elementor-heading-title elementor-size-default\">H\u00f4tel mobile<br><\/h2>\t\t<\/div>\n\t\t\t\t<\/div>\n\t\t\t\t\t\t<\/div>\n\t\t\t\t\t<\/div>\n\t\t<\/div>\n\t\t\t\t\t\t\t\t<\/div>\n\t\t\t\t\t<\/div>\n\t\t<\/section>\n\t\t\t\t<section class=\"elementor-section elementor-top-section elementor-element elementor-element-e5c6bd4 elementor-section-boxed elementor-section-height-default elementor-section-height-default\" data-id=\"e5c6bd4\" data-element_type=\"section\">\n\t\t\t\t\t\t<div class=\"elementor-container elementor-column-gap-default\">\n\t\t\t\t\t\t\t<div class=\"elementor-row\">\n\t\t\t\t\t<div class=\"elementor-column elementor-col-50 elementor-top-column elementor-element elementor-element-6e71bb4\" data-id=\"6e71bb4\" data-element_type=\"column\">\n\t\t\t<div class=\"elementor-column-wrap elementor-element-populated\">\n\t\t\t\t\t\t\t<div class=\"elementor-widget-wrap\">\n\t\t\t\t\t\t<div class=\"elementor-element elementor-element-fd21d0e elementor-widget elementor-widget-text-editor\" data-id=\"fd21d0e\" data-element_type=\"widget\" data-widget_type=\"text-editor.default\">\n\t\t\t\t<div class=\"elementor-widget-container\">\n\t\t\t\t\t\t\t\t<div class=\"elementor-text-editor elementor-clearfix\">\n\t\t\t\t\t<p>\u00a0Les Relais Indriens\u00a0<\/p><p>Ga\u00eblle Bienvenue<\/p><p>t\u00e9l : 0685106923<\/p>\t\t\t\t\t<\/div>\n\t\t\t\t\t\t<\/div>\n\t\t\t\t<\/div>\n\t\t\t\t\t\t<\/div>\n\t\t\t\t\t<\/div>\n\t\t<\/div>\n\t\t\t\t<div class=\"elementor-column elementor-col-50 elementor-top-column elementor-element elementor-element-b7e4c47\" data-id=\"b7e4c47\" data-element_type=\"column\">\n\t\t\t<div class=\"elementor-column-wrap elementor-element-populated\">\n\t\t\t\t\t\t\t<div class=\"elementor-widget-wrap\">\n\t\t\t\t\t\t<div class=\"elementor-element elementor-element-783398c elementor-widget elementor-widget-image\" data-id=\"783398c\" data-element_type=\"widget\" data-widget_type=\"image.default\">\n\t\t\t\t<div class=\"elementor-widget-container\">\n\t\t\t\t\t\t\t\t<div class=\"elementor-image\">\n\t\t\t\t\t\t\t\t\t\t\t\t<img width=\"316\" height=\"146\" src=\"https:\/\/martizay.fr\/wp-content\/uploads\/2024\/03\/images.png\" class=\"attachment-large size-large\" alt=\"\" loading=\"lazy\" srcset=\"https:\/\/martizay.fr\/wp-content\/uploads\/2024\/03\/images.png 316w, https:\/\/martizay.fr\/wp-content\/uploads\/2024\/03\/images-300x139.png 300w\" sizes=\"(max-width: 316px) 100vw, 316px\" \/>\t\t\t\t\t\t\t\t\t\t\t\t\t\t<\/div>\n\t\t\t\t\t\t<\/div>\n\t\t\t\t<\/div>\n\t\t\t\t\t\t<\/div>\n\t\t\t\t\t<\/div>\n\t\t<\/div>\n\t\t\t\t\t\t\t\t<\/div>\n\t\t\t\t\t<\/div>\n\t\t<\/section>\n\t\t\t\t<section class=\"elementor-section elementor-top-section elementor-element elementor-element-e43ec1d elementor-section-boxed elementor-section-height-default elementor-section-height-default\" data-id=\"e43ec1d\" data-element_type=\"section\">\n\t\t\t\t\t\t<div class=\"elementor-container elementor-column-gap-default\">\n\t\t\t\t\t\t\t<div class=\"elementor-row\">\n\t\t\t\t\t<div class=\"elementor-column elementor-col-100 elementor-top-column elementor-element elementor-element-a95085c\" data-id=\"a95085c\" data-element_type=\"column\">\n\t\t\t<div class=\"elementor-column-wrap\">\n\t\t\t\t\t\t\t<div class=\"elementor-widget-wrap\">\n\t\t\t\t\t\t\t\t<\/div>\n\t\t\t\t\t<\/div>\n\t\t<\/div>\n\t\t\t\t\t\t\t\t<\/div>\n\t\t\t\t\t<\/div>\n\t\t<\/section>\n\t\t\t\t\t\t<\/div>\n\t\t\t\t\t\t<\/div>\n\t\t\t\t\t<\/div>\n\t\t","protected":false},"excerpt":{"rendered":"<p>H\u00f4tel &#8211; Au Bosquet fleuri Adresse 1, rue de l\u2019Europe36220 MARTIZAY T\u00e9l : 02 54 28 60 09 \/ 06 40 71 01 00Site internet : www.aubosquetfleuri.fr Horaires d\u2019ouverture Ouvert toute l\u2019ann\u00e9e 7j\/7 G\u00eetes Ruraux et H\u00e9bergements M. et Mme ROBIN Jean et Jeanine 29, rue de Verdun36 220 MARTIZAYT\u00e9l :\u00a0 06 41 84 58 [&hellip;]<\/p>\n","protected":false},"author":1,"featured_media":1473,"parent":0,"menu_order":0,"comment_status":"closed","ping_status":"closed","template":"","meta":[],"yoast_head":"<!-- This site is optimized with the Yoast SEO plugin v18.3 - https:\/\/yoast.com\/wordpress\/plugins\/seo\/ -->\n<title>H\u00e9bergements - Martizay<\/title>\n<meta name=\"robots\" content=\"index, follow, max-snippet:-1, max-image-preview:large, max-video-preview:-1\" \/>\n<link rel=\"canonical\" href=\"https:\/\/martizay.fr\/index.php\/hebergements\/\" \/>\n<meta property=\"og:locale\" content=\"fr_FR\" \/>\n<meta property=\"og:type\" content=\"article\" \/>\n<meta property=\"og:title\" content=\"H\u00e9bergements - Martizay\" \/>\n<meta property=\"og:description\" content=\"H\u00f4tel &#8211; Au Bosquet fleuri Adresse 1, rue de l\u2019Europe36220 MARTIZAY T\u00e9l : 02 54 28 60 09 \/ 06 40 71 01 00Site internet : www.aubosquetfleuri.fr Horaires d\u2019ouverture Ouvert toute l\u2019ann\u00e9e 7j\/7 G\u00eetes Ruraux et H\u00e9bergements M. et Mme ROBIN Jean et Jeanine 29, rue de Verdun36 220 MARTIZAYT\u00e9l :\u00a0 06 41 84 58 [&hellip;]\" \/>\n<meta property=\"og:url\" content=\"https:\/\/martizay.fr\/index.php\/hebergements\/\" \/>\n<meta property=\"og:site_name\" content=\"Martizay\" \/>\n<meta property=\"article:modified_time\" content=\"2025-12-17T08:51:31+00:00\" \/>\n<meta property=\"og:image\" content=\"https:\/\/martizay.fr\/wp-content\/uploads\/2020\/12\/photo-1522771739844-6a9f6d5f14af.jpg\" \/>\n\t<meta property=\"og:image:width\" content=\"1951\" \/>\n\t<meta property=\"og:image:height\" content=\"1301\" \/>\n\t<meta property=\"og:image:type\" content=\"image\/jpeg\" \/>\n<meta name=\"twitter:card\" content=\"summary_large_image\" \/>\n<meta name=\"twitter:label1\" content=\"Dur\u00e9e de lecture estim\u00e9e\" \/>\n\t<meta name=\"twitter:data1\" content=\"1 minute\" \/>\n<script type=\"application\/ld+json\" class=\"yoast-schema-graph\">{\"@context\":\"https:\/\/schema.org\",\"@graph\":[{\"@type\":\"WebSite\",\"@id\":\"https:\/\/martizay.fr\/#website\",\"url\":\"https:\/\/martizay.fr\/\",\"name\":\"Martizay\",\"description\":\"Le site de la commune de Martizay\",\"potentialAction\":[{\"@type\":\"SearchAction\",\"target\":{\"@type\":\"EntryPoint\",\"urlTemplate\":\"https:\/\/martizay.fr\/?s={search_term_string}\"},\"query-input\":\"required name=search_term_string\"}],\"inLanguage\":\"fr-FR\"},{\"@type\":\"ImageObject\",\"@id\":\"https:\/\/martizay.fr\/index.php\/hebergements\/#primaryimage\",\"inLanguage\":\"fr-FR\",\"url\":\"https:\/\/martizay.fr\/wp-content\/uploads\/2020\/12\/photo-1522771739844-6a9f6d5f14af.jpg\",\"contentUrl\":\"https:\/\/martizay.fr\/wp-content\/uploads\/2020\/12\/photo-1522771739844-6a9f6d5f14af.jpg\",\"width\":1951,\"height\":1301},{\"@type\":\"WebPage\",\"@id\":\"https:\/\/martizay.fr\/index.php\/hebergements\/#webpage\",\"url\":\"https:\/\/martizay.fr\/index.php\/hebergements\/\",\"name\":\"H\u00e9bergements - Martizay\",\"isPartOf\":{\"@id\":\"https:\/\/martizay.fr\/#website\"},\"primaryImageOfPage\":{\"@id\":\"https:\/\/martizay.fr\/index.php\/hebergements\/#primaryimage\"},\"datePublished\":\"2020-11-16T14:47:17+00:00\",\"dateModified\":\"2025-12-17T08:51:31+00:00\",\"breadcrumb\":{\"@id\":\"https:\/\/martizay.fr\/index.php\/hebergements\/#breadcrumb\"},\"inLanguage\":\"fr-FR\",\"potentialAction\":[{\"@type\":\"ReadAction\",\"target\":[\"https:\/\/martizay.fr\/index.php\/hebergements\/\"]}]},{\"@type\":\"BreadcrumbList\",\"@id\":\"https:\/\/martizay.fr\/index.php\/hebergements\/#breadcrumb\",\"itemListElement\":[{\"@type\":\"ListItem\",\"position\":1,\"name\":\"Accueil\",\"item\":\"https:\/\/martizay.fr\/\"},{\"@type\":\"ListItem\",\"position\":2,\"name\":\"H\u00e9bergements\"}]}]}<\/script>\n<!-- \/ Yoast SEO plugin. -->","yoast_head_json":{"title":"H\u00e9bergements - Martizay","robots":{"index":"index","follow":"follow","max-snippet":"max-snippet:-1","max-image-preview":"max-image-preview:large","max-video-preview":"max-video-preview:-1"},"canonical":"https:\/\/martizay.fr\/index.php\/hebergements\/","og_locale":"fr_FR","og_type":"article","og_title":"H\u00e9bergements - Martizay","og_description":"H\u00f4tel &#8211; Au Bosquet fleuri Adresse 1, rue de l\u2019Europe36220 MARTIZAY T\u00e9l : 02 54 28 60 09 \/ 06 40 71 01 00Site internet : www.aubosquetfleuri.fr Horaires d\u2019ouverture Ouvert toute l\u2019ann\u00e9e 7j\/7 G\u00eetes Ruraux et H\u00e9bergements M. et Mme ROBIN Jean et Jeanine 29, rue de Verdun36 220 MARTIZAYT\u00e9l :\u00a0 06 41 84 58 [&hellip;]","og_url":"https:\/\/martizay.fr\/index.php\/hebergements\/","og_site_name":"Martizay","article_modified_time":"2025-12-17T08:51:31+00:00","og_image":[{"width":1951,"height":1301,"url":"https:\/\/martizay.fr\/wp-content\/uploads\/2020\/12\/photo-1522771739844-6a9f6d5f14af.jpg","type":"image\/jpeg"}],"twitter_card":"summary_large_image","twitter_misc":{"Dur\u00e9e de lecture estim\u00e9e":"1 minute"},"schema":{"@context":"https:\/\/schema.org","@graph":[{"@type":"WebSite","@id":"https:\/\/martizay.fr\/#website","url":"https:\/\/martizay.fr\/","name":"Martizay","description":"Le site de la commune de Martizay","potentialAction":[{"@type":"SearchAction","target":{"@type":"EntryPoint","urlTemplate":"https:\/\/martizay.fr\/?s={search_term_string}"},"query-input":"required name=search_term_string"}],"inLanguage":"fr-FR"},{"@type":"ImageObject","@id":"https:\/\/martizay.fr\/index.php\/hebergements\/#primaryimage","inLanguage":"fr-FR","url":"https:\/\/martizay.fr\/wp-content\/uploads\/2020\/12\/photo-1522771739844-6a9f6d5f14af.jpg","contentUrl":"https:\/\/martizay.fr\/wp-content\/uploads\/2020\/12\/photo-1522771739844-6a9f6d5f14af.jpg","width":1951,"height":1301},{"@type":"WebPage","@id":"https:\/\/martizay.fr\/index.php\/hebergements\/#webpage","url":"https:\/\/martizay.fr\/index.php\/hebergements\/","name":"H\u00e9bergements - Martizay","isPartOf":{"@id":"https:\/\/martizay.fr\/#website"},"primaryImageOfPage":{"@id":"https:\/\/martizay.fr\/index.php\/hebergements\/#primaryimage"},"datePublished":"2020-11-16T14:47:17+00:00","dateModified":"2025-12-17T08:51:31+00:00","breadcrumb":{"@id":"https:\/\/martizay.fr\/index.php\/hebergements\/#breadcrumb"},"inLanguage":"fr-FR","potentialAction":[{"@type":"ReadAction","target":["https:\/\/martizay.fr\/index.php\/hebergements\/"]}]},{"@type":"BreadcrumbList","@id":"https:\/\/martizay.fr\/index.php\/hebergements\/#breadcrumb","itemListElement":[{"@type":"ListItem","position":1,"name":"Accueil","item":"https:\/\/martizay.fr\/"},{"@type":"ListItem","position":2,"name":"H\u00e9bergements"}]}]}},"_links":{"self":[{"href":"https:\/\/martizay.fr\/index.php\/wp-json\/wp\/v2\/pages\/944"}],"collection":[{"href":"https:\/\/martizay.fr\/index.php\/wp-json\/wp\/v2\/pages"}],"about":[{"href":"https:\/\/martizay.fr\/index.php\/wp-json\/wp\/v2\/types\/page"}],"author":[{"embeddable":true,"href":"https:\/\/martizay.fr\/index.php\/wp-json\/wp\/v2\/users\/1"}],"replies":[{"embeddable":true,"href":"https:\/\/martizay.fr\/index.php\/wp-json\/wp\/v2\/comments?post=944"}],"version-history":[{"count":58,"href":"https:\/\/martizay.fr\/index.php\/wp-json\/wp\/v2\/pages\/944\/revisions"}],"predecessor-version":[{"id":6724,"href":"https:\/\/martizay.fr\/index.php\/wp-json\/wp\/v2\/pages\/944\/revisions\/6724"}],"wp:featuredmedia":[{"embeddable":true,"href":"https:\/\/martizay.fr\/index.php\/wp-json\/wp\/v2\/media\/1473"}],"wp:attachment":[{"href":"https:\/\/martizay.fr\/index.php\/wp-json\/wp\/v2\/media?parent=944"}],"curies":[{"name":"wp","href":"https:\/\/api.w.org\/{rel}","templated":true}]}}